{"id":6458,"date":"2025-08-08T16:01:59","date_gmt":"2025-08-08T23:01:59","guid":{"rendered":"https:\/\/davidrosenmann-taub.com\/?page_id=6458"},"modified":"2025-12-20T12:09:12","modified_gmt":"2025-12-20T20:09:12","slug":"virginia-lopez-recio","status":"publish","type":"page","link":"https:\/\/davidrosenmann-taub.com\/es\/awards\/recipients\/virginia-lopez-recio\/","title":{"rendered":"Virginia L\u00f3pez Recio (2015)"},"content":{"rendered":"<h3>Virginia L\u00f3pez Recio (2015)<\/h3>\r\n<p><img decoding=\"async\" src=\"\/images\/Virginia-Recio-300.jpg\" alt=\"Virginia L\u00f3pez Recio (2015)\" style=\"float:right; margin-left:8px;\" \/><strong>Virginia L\u00f3pez Recio<\/strong> (Pinos Puente, Granada, Espa\u00f1a). Licenciada en Filolog\u00eda Cl\u00e1sica y Doctora en Filolog\u00eda por la Universidad de Granada. Su tesis doctoral versa sobre la recepci\u00f3n de Federico Garc\u00eda Lorca en Grecia. Es profesora de la Universidad Abierta de Grecia y del Instituto Cervantes de Atenas. Ha publicado numerosos art\u00edculos sobre los contactos e influjos entre las Literaturas de Grecia y Espa\u00f1a. Entre sus libros destacan: <em>La luna el cuchillo las aguas. Lorca en Grecia<\/em> (Ediciones de los Amigos, 2006) y <em>La recepci\u00f3n de Federico Garc\u00eda Lorca en Grecia: El caso de Bodas de sangre<\/em> (Centro de Estudios Bizantinos, Neogriegos y Chipriotas, 2008). Ha traducido obras de la Literatura Neogriega como la novela <em>El notario <\/em>de A.R. Rangav\u00eds, el poemario <em>Aniversario <\/em>de Dimitris Angel\u00eds y una amplia antolog\u00eda de poes\u00eda griega contempor\u00e1nea. Tambi\u00e9n, junto con Dimitris Angel\u00eds, ha traducido el poemario <em>Sobre una confidencia del mar griego<\/em> de Andr\u00e9s S\u00e1nchez Robayna, as\u00ed como una antolog\u00eda de poes\u00eda espa\u00f1ola actual publicada en la revista griega <em>Frear<\/em>.<\/p>","protected":false},"excerpt":{"rendered":"Virginia L\u00f3pez Recio (2015) Virginia L\u00f3pez Recio (Pinos Puente, Granada, Espa\u00f1a). Licenciada en Filolog\u00eda Cl\u00e1sica y Doctora en Filolog\u00eda por la Universidad de Granada. Su tesis doctoral versa sobre la recepci\u00f3n de Federico Garc\u00eda Lorca en Grecia. Es profesora de la Universidad Abierta de Grecia y del Instituto Cervantes de Atenas. Ha publicado numerosos art\u00edculos [&hellip;]","protected":false},"author":2,"featured_media":0,"parent":6397,"menu_order":17,"comment_status":"closed","ping_status":"closed","template":"","meta":{"nf_dc_page":"","_monsterinsights_skip_tracking":false,"_monsterinsights_sitenote_active":false,"_monsterinsights_sitenote_note":"","_monsterinsights_sitenote_category":0,"footnotes":""},"class_list":["post-6458","page","type-page","status-publish","hentry"],"aioseo_notices":[],"_links":{"self":[{"href":"https:\/\/davidrosenmann-taub.com\/es\/wp-json\/wp\/v2\/pages\/6458","targetHints":{"allow":["GET"]}}],"collection":[{"href":"https:\/\/davidrosenmann-taub.com\/es\/wp-json\/wp\/v2\/pages"}],"about":[{"href":"https:\/\/davidrosenmann-taub.com\/es\/wp-json\/wp\/v2\/types\/page"}],"author":[{"embeddable":true,"href":"https:\/\/davidrosenmann-taub.com\/es\/wp-json\/wp\/v2\/users\/2"}],"replies":[{"embeddable":true,"href":"https:\/\/davidrosenmann-taub.com\/es\/wp-json\/wp\/v2\/comments?post=6458"}],"version-history":[{"count":1,"href":"https:\/\/davidrosenmann-taub.com\/es\/wp-json\/wp\/v2\/pages\/6458\/revisions"}],"predecessor-version":[{"id":6459,"href":"https:\/\/davidrosenmann-taub.com\/es\/wp-json\/wp\/v2\/pages\/6458\/revisions\/6459"}],"up":[{"embeddable":true,"href":"https:\/\/davidrosenmann-taub.com\/es\/wp-json\/wp\/v2\/pages\/6397"}],"wp:attachment":[{"href":"https:\/\/davidrosenmann-taub.com\/es\/wp-json\/wp\/v2\/media?parent=6458"}],"curies":[{"name":"wp","href":"https:\/\/api.w.org\/{rel}","templated":true}]}}