{"id":6460,"date":"2025-08-08T16:03:43","date_gmt":"2025-08-08T23:03:43","guid":{"rendered":"https:\/\/davidrosenmann-taub.com\/?page_id=6460"},"modified":"2025-12-20T12:11:04","modified_gmt":"2025-12-20T20:11:04","slug":"raelene-wyse","status":"publish","type":"page","link":"https:\/\/davidrosenmann-taub.com\/es\/awards\/recipients\/raelene-wyse\/","title":{"rendered":"Raelene Wyse (2015)"},"content":{"rendered":"<h3>Raelene Wyse (2015)<\/h3>\r\n<p><img decoding=\"async\" src=\"\/images\/Raelene-Wyse-300.jpg\" alt=\"Raelene Wyse (2015)\" title=\"Raelene Wyse (2015)\" style=\"float:right; margin-left:8px;\" \/>Raelene Wyse es una estudiante de doctorado en el programa de Literatura Comparada de la Universidad de Texas en Austin. Ha realizado estudios de maestr\u00eda en Literatura Comparada de la Universidad de Texas en Austin (2014) y en Estudios Latinoamericanos de la Universidad de Nueva York (2012).  Complet\u00f3 su licenciatura en la Universidad de Seattle en la Literatura en Ingl\u00e9s (2008).  Como comparatista trabaja en espa\u00f1ol, portugu\u00e9s, \u00eddish, e ingl\u00e9s.  En t\u00e9rminos generales, su trabajo se basa en las representaciones del juda\u00edsmo y sus tradiciones que surgen en la literatura latinoamericana.<\/p>","protected":false},"excerpt":{"rendered":"Raelene Wyse (2015) Raelene Wyse es una estudiante de doctorado en el programa de Literatura Comparada de la Universidad de Texas en Austin. Ha realizado estudios de maestr\u00eda en Literatura Comparada de la Universidad de Texas en Austin (2014) y en Estudios Latinoamericanos de la Universidad de Nueva York (2012). Complet\u00f3 su licenciatura en la [&hellip;]","protected":false},"author":2,"featured_media":0,"parent":6397,"menu_order":18,"comment_status":"closed","ping_status":"closed","template":"","meta":{"nf_dc_page":"","_monsterinsights_skip_tracking":false,"_monsterinsights_sitenote_active":false,"_monsterinsights_sitenote_note":"","_monsterinsights_sitenote_category":0,"footnotes":""},"class_list":["post-6460","page","type-page","status-publish","hentry"],"aioseo_notices":[],"_links":{"self":[{"href":"https:\/\/davidrosenmann-taub.com\/es\/wp-json\/wp\/v2\/pages\/6460","targetHints":{"allow":["GET"]}}],"collection":[{"href":"https:\/\/davidrosenmann-taub.com\/es\/wp-json\/wp\/v2\/pages"}],"about":[{"href":"https:\/\/davidrosenmann-taub.com\/es\/wp-json\/wp\/v2\/types\/page"}],"author":[{"embeddable":true,"href":"https:\/\/davidrosenmann-taub.com\/es\/wp-json\/wp\/v2\/users\/2"}],"replies":[{"embeddable":true,"href":"https:\/\/davidrosenmann-taub.com\/es\/wp-json\/wp\/v2\/comments?post=6460"}],"version-history":[{"count":1,"href":"https:\/\/davidrosenmann-taub.com\/es\/wp-json\/wp\/v2\/pages\/6460\/revisions"}],"predecessor-version":[{"id":6461,"href":"https:\/\/davidrosenmann-taub.com\/es\/wp-json\/wp\/v2\/pages\/6460\/revisions\/6461"}],"up":[{"embeddable":true,"href":"https:\/\/davidrosenmann-taub.com\/es\/wp-json\/wp\/v2\/pages\/6397"}],"wp:attachment":[{"href":"https:\/\/davidrosenmann-taub.com\/es\/wp-json\/wp\/v2\/media?parent=6460"}],"curies":[{"name":"wp","href":"https:\/\/api.w.org\/{rel}","templated":true}]}}