{"id":6462,"date":"2025-08-08T16:05:26","date_gmt":"2025-08-08T23:05:26","guid":{"rendered":"https:\/\/davidrosenmann-taub.com\/?page_id=6462"},"modified":"2025-12-20T12:12:22","modified_gmt":"2025-12-20T20:12:22","slug":"jose-ramon-ripoll","status":"publish","type":"page","link":"https:\/\/davidrosenmann-taub.com\/es\/awards\/recipients\/jose-ramon-ripoll\/","title":{"rendered":"Jos\u00e9 Ram\u00f3n Ripoll (2017)"},"content":{"rendered":"<h3>Jos\u00e9 Ram\u00f3n Ripoll (2017)<\/h3>\r\n<p><img decoding=\"async\" src=\"\/images\/Ripoll-300.jpg\" alt=\"Jos\u00e9 Ram\u00f3n Ripoll (2017)\" title=\"Jos\u00e9 Ram\u00f3n Ripoll (2017)\" style=\"float:right; margin-left:8px;\" \/><strong>Jos\u00e9 Ram\u00f3n Ripoll<\/strong> (C\u00e1diz, Espa\u00f1a, 1952), escritor y music\u00f3logo, Director desde su fundaci\u00f3n, en 1991, de <em>RevistAtl\u00e1ntica de poes\u00eda<\/em>. Ha desempe\u00f1ado una larga labor de difusi\u00f3n de la cultura y la m\u00fasica cl\u00e1sica a trav\u00e9s de Radio Nacional de Espa\u00f1a y  otros medios de comunicaci\u00f3n e instituciones acad\u00e9micas.<\/p>\r\n\r\n<p>Es autor de varios libros de poemas, entre los que destacan <em>La Tauromaquia<\/em> (1979), <em>Serm\u00f3n de la barbarie<\/em> (1981), <em>El humo de los barcos<\/em> (Visor, Madrid, 1983), <em>Las s\u00edlabas ocultas<\/em> (Renacimiento, Sevilla, 1991) y <em>Niebla y conf\u00edn<\/em> (Visor, Madrid, 2000), <em>Hoy es niebla<\/em> (Visor, Madrid, 2002), <em>Estragos de la guerra<\/em> (Editores del Centro de Arte Moderno, Madrid, 2011), <em>Piedra rota<\/em> (Tusquets, Barcelona, 2013) y <em>La lengua de los otros<\/em> (Visor, Madrid, 2017). Asimismo, ha publicado numerosos art\u00edculos, ensayos y monograf\u00edas literarias y musicales, muchas de ellas dedicadas a estudiar la relaci\u00f3n entre m\u00fasica y poes\u00eda, como <em>Cantar del agua<\/em>, <em>El mundo  pian\u00edstico de Chopin: pasi\u00f3n y poes\u00eda<\/em>, <em>Variaciones sobre una palabra: la poes\u00eda<\/em>, <em>la m\u00fasica y el poema o Poes\u00eda en m\u00fasica<\/em>, entre muchos otros t\u00edtulos.<\/p>\r\n<p>Ha recibido, entre otros reconocimientos, el Premio Guernica (1979); Premio Villa de Rota (1980); Premio de Poes\u00eda Rey Juan Carlos I (1983);  Premio Tiflos (1999), Premio \u00c1ngel Garc\u00eda L\u00f3pez (2015) y el XXIX Premio Internacional de Poes\u00eda Fundaci\u00f3n Loewe (2016).  Obtuvo la Beca Fulbright para ampliar conocimientos en Estados Unidos, como miembro del International Writing Program de la University of Iowa (1984), de donde es Honorary Fellow.<\/p>","protected":false},"excerpt":{"rendered":"Jos\u00e9 Ram\u00f3n Ripoll (2017) Jos\u00e9 Ram\u00f3n Ripoll (C\u00e1diz, Espa\u00f1a, 1952), escritor y music\u00f3logo, Director desde su fundaci\u00f3n, en 1991, de RevistAtl\u00e1ntica de poes\u00eda. Ha desempe\u00f1ado una larga labor de difusi\u00f3n de la cultura y la m\u00fasica cl\u00e1sica a trav\u00e9s de Radio Nacional de Espa\u00f1a y otros medios de comunicaci\u00f3n e instituciones acad\u00e9micas. Es autor de [&hellip;]","protected":false},"author":2,"featured_media":0,"parent":6397,"menu_order":19,"comment_status":"closed","ping_status":"closed","template":"","meta":{"nf_dc_page":"","_monsterinsights_skip_tracking":false,"_monsterinsights_sitenote_active":false,"_monsterinsights_sitenote_note":"","_monsterinsights_sitenote_category":0,"footnotes":""},"class_list":["post-6462","page","type-page","status-publish","hentry"],"aioseo_notices":[],"_links":{"self":[{"href":"https:\/\/davidrosenmann-taub.com\/es\/wp-json\/wp\/v2\/pages\/6462","targetHints":{"allow":["GET"]}}],"collection":[{"href":"https:\/\/davidrosenmann-taub.com\/es\/wp-json\/wp\/v2\/pages"}],"about":[{"href":"https:\/\/davidrosenmann-taub.com\/es\/wp-json\/wp\/v2\/types\/page"}],"author":[{"embeddable":true,"href":"https:\/\/davidrosenmann-taub.com\/es\/wp-json\/wp\/v2\/users\/2"}],"replies":[{"embeddable":true,"href":"https:\/\/davidrosenmann-taub.com\/es\/wp-json\/wp\/v2\/comments?post=6462"}],"version-history":[{"count":1,"href":"https:\/\/davidrosenmann-taub.com\/es\/wp-json\/wp\/v2\/pages\/6462\/revisions"}],"predecessor-version":[{"id":6463,"href":"https:\/\/davidrosenmann-taub.com\/es\/wp-json\/wp\/v2\/pages\/6462\/revisions\/6463"}],"up":[{"embeddable":true,"href":"https:\/\/davidrosenmann-taub.com\/es\/wp-json\/wp\/v2\/pages\/6397"}],"wp:attachment":[{"href":"https:\/\/davidrosenmann-taub.com\/es\/wp-json\/wp\/v2\/media?parent=6462"}],"curies":[{"name":"wp","href":"https:\/\/api.w.org\/{rel}","templated":true}]}}