{"id":6464,"date":"2025-08-08T16:11:44","date_gmt":"2025-08-08T23:11:44","guid":{"rendered":"https:\/\/davidrosenmann-taub.com\/?page_id=6464"},"modified":"2025-12-20T12:13:25","modified_gmt":"2025-12-20T20:13:25","slug":"diana-maria-rodriguez-vertiz","status":"publish","type":"page","link":"https:\/\/davidrosenmann-taub.com\/es\/awards\/recipients\/diana-maria-rodriguez-vertiz\/","title":{"rendered":"Diana Mar\u00eda Rodr\u00edguez V\u00e9rtiz (2017, 2022)"},"content":{"rendered":"<h3>Diana Mar\u00eda Rodr\u00edguez V\u00e9rtiz (2017, 2022)<\/h3>\r\n<p><img decoding=\"async\" src=\"\/images\/Vertiz-300.jpg\" alt=\"Diana Mar\u00eda Rodr\u00edguez V\u00e9rtiz (2017)\" title=\"Diana Mar\u00eda Rodr\u00edguez V\u00e9rtiz (2017)\" style=\"float:right; margin-left:8px;\" \/><strong>Diana Mar\u00eda Rodr\u00edguez V\u00e9rtiz<\/strong> (Ciudad de M\u00e9xico, 1987), es licenciada y maestra en Estudios Latinoamericanos por la Universidad Nacional Aut\u00f3noma de M\u00e9xico, actualmente cursa estudios de Doctorado en el campo de Literatura y cr\u00edtica literaria latinoamericana, en el mismo Posgrado de Estudios Latinoamericanos de la UNAM. Ha sido colaboradora en los proyectos &ldquo;Poes\u00eda m\u00edstica mexicana (tipolog\u00eda y tradiciones)&rdquo; y &ldquo;M\u00edstica y lenguaje po\u00e9tico: acercamientos desde la poes\u00eda mexicana de los siglos XX y XXI&rdquo;, coordinados por la Dra. Margarita Le\u00f3n Vega, del Centro de Po\u00e9tica del Instituto de Investigaciones Filol\u00f3gicas. Sus l\u00edneas de investigaci\u00f3n est\u00e1n enfocadas en la poes\u00eda latinoamericana del siglo XX, la narrativa venezolana de la segunda mitad del siglo XX y las manifestaciones no religiosas de la m\u00edstica y la totalidad en la poes\u00eda mexicana contempor\u00e1nea. Su investigaci\u00f3n doctoral versa sobre la recepci\u00f3n art\u00edstica de la cultura alemana en la poes\u00eda del peruano Luis Hern\u00e1ndez Camarero.<\/p>","protected":false},"excerpt":{"rendered":"Diana Mar\u00eda Rodr\u00edguez V\u00e9rtiz (2017, 2022) Diana Mar\u00eda Rodr\u00edguez V\u00e9rtiz (Ciudad de M\u00e9xico, 1987), es licenciada y maestra en Estudios Latinoamericanos por la Universidad Nacional Aut\u00f3noma de M\u00e9xico, actualmente cursa estudios de Doctorado en el campo de Literatura y cr\u00edtica literaria latinoamericana, en el mismo Posgrado de Estudios Latinoamericanos de la UNAM. Ha sido colaboradora [&hellip;]","protected":false},"author":2,"featured_media":0,"parent":6397,"menu_order":20,"comment_status":"closed","ping_status":"closed","template":"","meta":{"nf_dc_page":"","_monsterinsights_skip_tracking":false,"_monsterinsights_sitenote_active":false,"_monsterinsights_sitenote_note":"","_monsterinsights_sitenote_category":0,"footnotes":""},"class_list":["post-6464","page","type-page","status-publish","hentry"],"aioseo_notices":[],"_links":{"self":[{"href":"https:\/\/davidrosenmann-taub.com\/es\/wp-json\/wp\/v2\/pages\/6464","targetHints":{"allow":["GET"]}}],"collection":[{"href":"https:\/\/davidrosenmann-taub.com\/es\/wp-json\/wp\/v2\/pages"}],"about":[{"href":"https:\/\/davidrosenmann-taub.com\/es\/wp-json\/wp\/v2\/types\/page"}],"author":[{"embeddable":true,"href":"https:\/\/davidrosenmann-taub.com\/es\/wp-json\/wp\/v2\/users\/2"}],"replies":[{"embeddable":true,"href":"https:\/\/davidrosenmann-taub.com\/es\/wp-json\/wp\/v2\/comments?post=6464"}],"version-history":[{"count":1,"href":"https:\/\/davidrosenmann-taub.com\/es\/wp-json\/wp\/v2\/pages\/6464\/revisions"}],"predecessor-version":[{"id":6465,"href":"https:\/\/davidrosenmann-taub.com\/es\/wp-json\/wp\/v2\/pages\/6464\/revisions\/6465"}],"up":[{"embeddable":true,"href":"https:\/\/davidrosenmann-taub.com\/es\/wp-json\/wp\/v2\/pages\/6397"}],"wp:attachment":[{"href":"https:\/\/davidrosenmann-taub.com\/es\/wp-json\/wp\/v2\/media?parent=6464"}],"curies":[{"name":"wp","href":"https:\/\/api.w.org\/{rel}","templated":true}]}}