{"id":6466,"date":"2025-12-20T12:14:38","date_gmt":"2025-12-20T20:14:38","guid":{"rendered":"https:\/\/davidrosenmann-taub.com\/?page_id=6466"},"modified":"2025-12-20T12:15:10","modified_gmt":"2025-12-20T20:15:10","slug":"eduardo-espina","status":"publish","type":"page","link":"https:\/\/davidrosenmann-taub.com\/es\/awards\/recipients\/eduardo-espina\/","title":{"rendered":"Eduardo Espina (2020)"},"content":{"rendered":"<h3>Eduardo Espina (2020)<\/h3>\r\n<p><img decoding=\"async\" src=\"\/images\/Eduardo-Espina-300.jpg\" alt=\"Eduardo Espina (2020)\" title=\"Eduardo Espina (2020)\" style=\"float:right; margin-left:8px;\" \/><strong>Eduardo Espina<\/strong> naci\u00f3 en un hospital cerca de una casa, en Montevideo, Uruguay. Vive en una casa cerca de un hospital, en College Station, Texas. Poeta y ensayista. Ha publicado doce libros. Sus m\u00e1s recientes son: <em>La imaginaci\u00f3n invisible<\/em>. <em>Antolog\u00eda<\/em> (Editorial Seix Barral, 2015), poes\u00eda, y <em>tSURnamis. Vol. I<\/em> (Editorial Mansalva, 2017), ensayos. Sus poemas han sido traducidos parcialmente al ingl\u00e9s, franc\u00e9s, portugu\u00e9s, alem\u00e1n, neerland\u00e9s, italiano, alban\u00e9s, mandar\u00edn, ruso y croata. Est\u00e1 incluido en m\u00e1s de 40 antolog\u00edas de poes\u00eda. En Uruguay gan\u00f3 dos veces el Premio Nacional de Ensayo, y en 1998 obtuvo el Premio Municipal de Poes\u00eda. Sobre su obra po\u00e9tica se han escrito tesis doctorales, y extensos art\u00edculos de estudio fueron publicados en reconocidas revistas acad\u00e9micas como <em>Revista Iberoamericana y Revista de Estudios Hisp\u00e1nicos<\/em>.<\/p>\r\n<p>En art\u00edculo publicado en la revista <em>Letras Libres<\/em> (M\u00e9xico), Jos\u00e9 Kozer escribi\u00f3 sobre la obra de Espina: &ldquo;Una poes\u00eda fascinante, \u00fanica, original, que invita al asombro&rdquo;. En <em>La Agenda Revista<\/em> (Buenos Aires), Quint\u00edn afirm\u00f3: &ldquo;Me prometo reincidir en la poes\u00eda de Espina por una raz\u00f3n: <em>tSURnamis<\/em> me pareci\u00f3 un libro notable y su prosa ensay\u00edstica en espa\u00f1ol de la m\u00e1s brillante que hoy se practica al norte del R\u00edo de la Plata o al sur del r\u00edo Bravo, o al este o al oeste. As\u00ed de buena es la escritura de Espina, de una creatividad, una fuerza y una gracia que lo despega de sus contempor\u00e1neos. [\u2026] Eso es lo an\u00f3malo de Espina: invita a ser le\u00eddo con la concentraci\u00f3n que se le dedica a los cl\u00e1sicos, con la atenci\u00f3n puesta en cada momento de su inspiraci\u00f3n siempre en tren de lucimiento, como si asisti\u00e9ramos a una performance&rdquo;. En 1980 fue el primer escritor uruguayo invitado al prestigioso International Writing Program de la Universidad de Iowa. Desde entonces radica en Estados Unidos. En 2011 obtuvo la beca Guggenheim.<\/p>","protected":false},"excerpt":{"rendered":"Eduardo Espina (2020) Eduardo Espina naci\u00f3 en un hospital cerca de una casa, en Montevideo, Uruguay. Vive en una casa cerca de un hospital, en College Station, Texas. Poeta y ensayista. Ha publicado doce libros. Sus m\u00e1s recientes son: La imaginaci\u00f3n invisible. Antolog\u00eda (Editorial Seix Barral, 2015), poes\u00eda, y tSURnamis. Vol. I (Editorial Mansalva, 2017), [&hellip;]","protected":false},"author":2,"featured_media":0,"parent":6397,"menu_order":21,"comment_status":"closed","ping_status":"closed","template":"","meta":{"nf_dc_page":"","_monsterinsights_skip_tracking":false,"_monsterinsights_sitenote_active":false,"_monsterinsights_sitenote_note":"","_monsterinsights_sitenote_category":0,"footnotes":""},"class_list":["post-6466","page","type-page","status-publish","hentry"],"aioseo_notices":[],"_links":{"self":[{"href":"https:\/\/davidrosenmann-taub.com\/es\/wp-json\/wp\/v2\/pages\/6466","targetHints":{"allow":["GET"]}}],"collection":[{"href":"https:\/\/davidrosenmann-taub.com\/es\/wp-json\/wp\/v2\/pages"}],"about":[{"href":"https:\/\/davidrosenmann-taub.com\/es\/wp-json\/wp\/v2\/types\/page"}],"author":[{"embeddable":true,"href":"https:\/\/davidrosenmann-taub.com\/es\/wp-json\/wp\/v2\/users\/2"}],"replies":[{"embeddable":true,"href":"https:\/\/davidrosenmann-taub.com\/es\/wp-json\/wp\/v2\/comments?post=6466"}],"version-history":[{"count":1,"href":"https:\/\/davidrosenmann-taub.com\/es\/wp-json\/wp\/v2\/pages\/6466\/revisions"}],"predecessor-version":[{"id":6467,"href":"https:\/\/davidrosenmann-taub.com\/es\/wp-json\/wp\/v2\/pages\/6466\/revisions\/6467"}],"up":[{"embeddable":true,"href":"https:\/\/davidrosenmann-taub.com\/es\/wp-json\/wp\/v2\/pages\/6397"}],"wp:attachment":[{"href":"https:\/\/davidrosenmann-taub.com\/es\/wp-json\/wp\/v2\/media?parent=6466"}],"curies":[{"name":"wp","href":"https:\/\/api.w.org\/{rel}","templated":true}]}}