{"id":6479,"date":"2025-08-22T17:16:06","date_gmt":"2025-08-23T00:16:06","guid":{"rendered":"https:\/\/davidrosenmann-taub.com\/?page_id=6479"},"modified":"2025-10-03T15:24:42","modified_gmt":"2025-10-03T22:24:42","slug":"interpretations","status":"publish","type":"page","link":"https:\/\/davidrosenmann-taub.com\/es\/interpretations\/","title":{"rendered":"Interpretaciones"},"content":{"rendered":"<h2>Videos &bull; Interpretaciones de otros artistas<\/h2>\r\n<div class=\"works-list\">\r\n<table>\r\n<tr><td><img decoding=\"async\" src=\"\/images\/m23\/Videos-Reflejos.png\" class=\"select-video\" data-video=\"Reflejos\" alt=\"Reflejos Elementales (Elemental Reflections)\" \/><\/td><td><\/td>\r\n<td><p><strong><em>Reflejos Elementales por Alexis Moreno<\/em><\/strong>: Pel\u00edcula por el\u00a0 cineasta chileno Alexis Moreno, basada en la m\u00fasica, la poes\u00eda y los dibujos de David Rosenmann-Taub.<\/p><\/td>\r\n<\/tr>\r\n<tr><td><img decoding=\"async\" src=\"\/images\/m23\/Videos-Apresto.png\" class=\"select-video\" data-video=\"Apresto\" alt=\"Apresto (Exordium)\" \/><\/td><td><\/td>\r\n<td><p><strong><em>Apresto por Alexis Moreno<\/em><\/strong>: Pel\u00edcula <em>Apresto<\/em> del cineasta chileno Alexis Moreno.<\/p><\/td>\r\n<\/tr>\r\n<tr><td><img decoding=\"async\" src=\"\/images\/m23\/SS-Aguacibera.jpg\" class=\"select-video\" data-video=\"Aguacibera \" alt=\"Aguacibera \" \/><\/td><td><\/td>\r\n<td><p><strong>Aguacibera by Esther Crisol<\/strong>: La cantadora Esther Crisol musicaliza poemas de David Rosenmann-Taub en su disco <em>Aguacibera<\/em>. Se present\u00f3 en vivo en el festival de M\u00fasica en la Zubia, Granada en 2012.<\/p><\/td>\r\n<\/tr>\r\n<tr><td><img decoding=\"async\" src=\"\/images\/m23\/Tell-Me.jpg\" class=\"select-video\" data-video=\"TellMe\" alt=\"\u00bfD\u00edgame, David Rosenmann-Taub, qu\u00e9 es poes\u00eda?\" \/><\/td><td><\/td>\r\n<td><p><strong>\u00bfD\u00edgame, David Rosenmann-Taub, qu\u00e9 es poes\u00eda?<\/strong>: Espect\u00e1culo multimedial con la poes\u00eda, la m\u00fasica y los dibujos de David Rosenmann-Taub, dirigido e interpretado por H\u00e9ctor Noguera (Teatro Camino, Santiago de Chile, 2007). Realizaci\u00f3n y montaje: Alexis Moreno Burgos.<\/p><\/td>\r\n<\/tr>\r\n<tr><td><img decoding=\"async\" src=\"\/images\/m23\/ABISMO.jpg\" class=\"select-video\" data-video=\"ABISMO\" alt=\"ABISMO\" \/><\/td><td><\/td>\r\n<td><p><strong>ABISMO<\/strong>: En esta pieza de teatro,\u00a0 basada en poemas de David Rosenmann-Taub, el director chileno Alejandro Castillo crea un paisaje on\u00edrico donde recuerdos y evocaciones\u00a0 se personifican en un ni\u00f1o, una joven pareja y un viejo. Los poemas exploran el amor, el destino, la vida, la muerte \u2013 el sentido y el sinsentido de la existencia \u2013.<\/p>\r\n<p>La mayor\u00eda del texto proviene de la tetralog\u00eda <em>Cortejo y Epinicio<\/em>, cuyos cuatro vol\u00famenes\u00a0son: <em>El Z\u00f3calo<\/em>, <em>El Mensajero<\/em>, <em>La Opci\u00f3n<\/em> y <em>La Noche Antes<\/em>.\u00a0 Un mon\u00f3logo proviene de otro libro del poeta, <em>Los Surcos Inundados<\/em>. Todas estas obras las public\u00f3 LOM Ediciones.<\/p><\/td>\r\n<\/tr>\r\n<tr><td><img decoding=\"async\" src=\"\/images\/m23\/Mensaje-Duo-KM.jpg\" class=\"select-video\" data-video=\"Mensaje\" alt=\"Mensaje a Pedro Humberto Allende\" \/><\/td><td><\/td>\r\n<td><p><strong><em>Mensaje a Pedro Humberto Allende<\/em><\/strong>, compuesta por David Rosenmann-Taub, transcrita para dos guitarras por el D\u00fao de Guitarras KM de Katrin Klingeberg y Sebasti\u00e1n Montes.<\/p><\/td>\r\n<\/tr>\r\n<tr><td><img decoding=\"async\" src=\"\/images\/m23\/HIMNO-Duo-KM.jpg\" class=\"select-video\" data-video=\"Himno\" alt=\"Himno\" \/><\/td><td><\/td>\r\n<td><p><strong><em>Himno<\/em><\/strong>: un poema de David Rosenmann-Taub interpretado por el d\u00fao KM. M\u00fasica compuesta por Katrin Klingberg.<\/p><\/td>\r\n<\/tr>\r\n<\/table>\r\n<\/div>","protected":false},"excerpt":{"rendered":"Videos &bull; Interpretaciones de otros artistas Reflejos Elementales por Alexis Moreno: Pel\u00edcula por el\u00a0 cineasta chileno Alexis Moreno, basada en la m\u00fasica, la poes\u00eda y los dibujos de David Rosenmann-Taub. Apresto por Alexis Moreno: Pel\u00edcula Apresto del cineasta chileno Alexis Moreno. Aguacibera by Esther Crisol: La cantadora Esther Crisol musicaliza poemas de David Rosenmann-Taub en [&hellip;]","protected":false},"author":2,"featured_media":0,"parent":0,"menu_order":29,"comment_status":"closed","ping_status":"closed","template":"","meta":{"nf_dc_page":"","_monsterinsights_skip_tracking":false,"_monsterinsights_sitenote_active":false,"_monsterinsights_sitenote_note":"","_monsterinsights_sitenote_category":0,"footnotes":""},"class_list":["post-6479","page","type-page","status-publish","hentry"],"aioseo_notices":[],"_links":{"self":[{"href":"https:\/\/davidrosenmann-taub.com\/es\/wp-json\/wp\/v2\/pages\/6479","targetHints":{"allow":["GET"]}}],"collection":[{"href":"https:\/\/davidrosenmann-taub.com\/es\/wp-json\/wp\/v2\/pages"}],"about":[{"href":"https:\/\/davidrosenmann-taub.com\/es\/wp-json\/wp\/v2\/types\/page"}],"author":[{"embeddable":true,"href":"https:\/\/davidrosenmann-taub.com\/es\/wp-json\/wp\/v2\/users\/2"}],"replies":[{"embeddable":true,"href":"https:\/\/davidrosenmann-taub.com\/es\/wp-json\/wp\/v2\/comments?post=6479"}],"version-history":[{"count":3,"href":"https:\/\/davidrosenmann-taub.com\/es\/wp-json\/wp\/v2\/pages\/6479\/revisions"}],"predecessor-version":[{"id":6486,"href":"https:\/\/davidrosenmann-taub.com\/es\/wp-json\/wp\/v2\/pages\/6479\/revisions\/6486"}],"wp:attachment":[{"href":"https:\/\/davidrosenmann-taub.com\/es\/wp-json\/wp\/v2\/media?parent=6479"}],"curies":[{"name":"wp","href":"https:\/\/api.w.org\/{rel}","templated":true}]}}