{"id":1037,"date":"2015-03-16T15:22:06","date_gmt":"2015-03-16T23:22:06","guid":{"rendered":"http:\/\/dff-monolith.com\/?page_id=1037"},"modified":"2015-09-24T12:28:46","modified_gmt":"2015-09-24T20:28:46","slug":"multiverso","status":"publish","type":"page","link":"https:\/\/davidrosenmann-taub.com\/fr\/anthologies\/multiverso\/","title":{"rendered":"Multiverso (Multivers)"},"content":{"rendered":"<p class=\"centered-quote\"><a href=\"\/images\/books-2015\/Multiverso-900.jpg\" class=\"nounder highslide\" onclick=\"return hs.expand(this)\" title=\"Cliquez pour agrandir.\" rel=\"highslide\"><img decoding=\"async\" src=\"\/images\/books-2015\/Multiverso-300.jpg\" alt=\"Multiverso\"><\/a><\/p>\r\n<h1>Multiverso<br \/>(Multivers)<\/h1>\r\n<p class=\"centered-quote\">S\u00e9lection et \u00e9tude pr\u00e9liminaire par Jorge Monteleone<\/p>\r\n<p class=\"publication-info\">\r\n<strong>Livre<\/strong>: 164 pages<br \/>\r\n<strong>&Eacute;diteur:<\/strong> Editorial Mansalva, Buenas Aires (2012)<br \/>\r\n<strong>Langue:<\/strong> Espagnol<br \/>\r\n<strong>ISBN:<\/strong> 978-987-1474-62-2<br>\r\n<\/p>\r\n","protected":false},"excerpt":{"rendered":"Multiverso(Multivers) S\u00e9lection et \u00e9tude pr\u00e9liminaire par Jorge Monteleone Livre: 164 pages &Eacute;diteur: Editorial Mansalva, Buenas Aires (2012) Langue: Espagnol ISBN: 978-987-1474-62-2","protected":false},"author":1,"featured_media":0,"parent":105,"menu_order":17,"comment_status":"closed","ping_status":"open","template":"","meta":{"nf_dc_page":"","_monsterinsights_skip_tracking":false,"_monsterinsights_sitenote_active":false,"_monsterinsights_sitenote_note":"","_monsterinsights_sitenote_category":0,"footnotes":""},"class_list":["post-1037","page","type-page","status-publish","hentry"],"aioseo_notices":[],"_links":{"self":[{"href":"https:\/\/davidrosenmann-taub.com\/fr\/wp-json\/wp\/v2\/pages\/1037","targetHints":{"allow":["GET"]}}],"collection":[{"href":"https:\/\/davidrosenmann-taub.com\/fr\/wp-json\/wp\/v2\/pages"}],"about":[{"href":"https:\/\/davidrosenmann-taub.com\/fr\/wp-json\/wp\/v2\/types\/page"}],"author":[{"embeddable":true,"href":"https:\/\/davidrosenmann-taub.com\/fr\/wp-json\/wp\/v2\/users\/1"}],"replies":[{"embeddable":true,"href":"https:\/\/davidrosenmann-taub.com\/fr\/wp-json\/wp\/v2\/comments?post=1037"}],"version-history":[{"count":10,"href":"https:\/\/davidrosenmann-taub.com\/fr\/wp-json\/wp\/v2\/pages\/1037\/revisions"}],"predecessor-version":[{"id":3132,"href":"https:\/\/davidrosenmann-taub.com\/fr\/wp-json\/wp\/v2\/pages\/1037\/revisions\/3132"}],"up":[{"embeddable":true,"href":"https:\/\/davidrosenmann-taub.com\/fr\/wp-json\/wp\/v2\/pages\/105"}],"wp:attachment":[{"href":"https:\/\/davidrosenmann-taub.com\/fr\/wp-json\/wp\/v2\/media?parent=1037"}],"curies":[{"name":"wp","href":"https:\/\/api.w.org\/{rel}","templated":true}]}}