{"id":1374,"date":"2015-06-19T11:01:33","date_gmt":"2015-06-19T19:01:33","guid":{"rendered":"http:\/\/dff-monolith.com\/?page_id=1374"},"modified":"2015-07-23T10:32:59","modified_gmt":"2015-07-23T18:32:59","slug":"cuaderno-el-raudal","status":"publish","type":"page","link":"https:\/\/davidrosenmann-taub.com\/fr\/examples\/cuaderno-el-raudal\/","title":{"rendered":"Cuaderno de Poes\u00eda: EL RAUDAL"},"content":{"rendered":"<p class=\"pull-quote big-quote\">Le contenu que vous avez demand&eacute; n'est pas disponible dans votre langue; cependant, la version originale en espagnol est ci-dessous. <\/p>\r\n<h1>Cuaderno de Poes\u00eda<\/h1>\r\n<h2>EL RAUDAL<\/h2>\r\n<p class=\"half-centered\">&nbsp;&nbsp;&nbsp;Yo canto como el sol,<br \/>\r\ny el sol no canta.<br \/>\r\n&nbsp;<br \/>\r\n&nbsp;&nbsp;&nbsp;Yo sue\u00f1o como Dios,<br \/>\r\ny Dios no sue\u00f1a.<br \/>\r\n&nbsp;<\/p>\r\n<p class=\"half-centered\">&nbsp;&nbsp;&nbsp;Yo, cual la tierra, muero,<br \/>\r\ny la tierra no muere, \u00a1pero canta!<\/p>\r\n<p>&nbsp;<\/p>","protected":false},"excerpt":{"rendered":"Le contenu que vous avez demand&eacute; n&#8217;est pas disponible dans votre langue; cependant, la version originale en espagnol est ci-dessous. Cuaderno de Poes\u00eda EL RAUDAL &nbsp;&nbsp;&nbsp;Yo canto como el sol, y el sol no canta. &nbsp; &nbsp;&nbsp;&nbsp;Yo sue\u00f1o como Dios, y Dios no sue\u00f1a. &nbsp; &nbsp;&nbsp;&nbsp;Yo, cual la tierra, muero, y la tierra no muere, [&hellip;]","protected":false},"author":1,"featured_media":0,"parent":540,"menu_order":71,"comment_status":"closed","ping_status":"open","template":"","meta":{"nf_dc_page":"","_monsterinsights_skip_tracking":false,"_monsterinsights_sitenote_active":false,"_monsterinsights_sitenote_note":"","_monsterinsights_sitenote_category":0,"footnotes":""},"class_list":["post-1374","page","type-page","status-publish","hentry"],"aioseo_notices":[],"_links":{"self":[{"href":"https:\/\/davidrosenmann-taub.com\/fr\/wp-json\/wp\/v2\/pages\/1374","targetHints":{"allow":["GET"]}}],"collection":[{"href":"https:\/\/davidrosenmann-taub.com\/fr\/wp-json\/wp\/v2\/pages"}],"about":[{"href":"https:\/\/davidrosenmann-taub.com\/fr\/wp-json\/wp\/v2\/types\/page"}],"author":[{"embeddable":true,"href":"https:\/\/davidrosenmann-taub.com\/fr\/wp-json\/wp\/v2\/users\/1"}],"replies":[{"embeddable":true,"href":"https:\/\/davidrosenmann-taub.com\/fr\/wp-json\/wp\/v2\/comments?post=1374"}],"version-history":[{"count":7,"href":"https:\/\/davidrosenmann-taub.com\/fr\/wp-json\/wp\/v2\/pages\/1374\/revisions"}],"predecessor-version":[{"id":2455,"href":"https:\/\/davidrosenmann-taub.com\/fr\/wp-json\/wp\/v2\/pages\/1374\/revisions\/2455"}],"up":[{"embeddable":true,"href":"https:\/\/davidrosenmann-taub.com\/fr\/wp-json\/wp\/v2\/pages\/540"}],"wp:attachment":[{"href":"https:\/\/davidrosenmann-taub.com\/fr\/wp-json\/wp\/v2\/media?parent=1374"}],"curies":[{"name":"wp","href":"https:\/\/api.w.org\/{rel}","templated":true}]}}