{"id":1385,"date":"2015-06-19T11:11:38","date_gmt":"2015-06-19T19:11:38","guid":{"rendered":"http:\/\/dff-monolith.com\/?page_id=1385"},"modified":"2015-07-23T10:33:54","modified_gmt":"2015-07-23T18:33:54","slug":"la-enredadera-el-dia","status":"publish","type":"page","link":"https:\/\/davidrosenmann-taub.com\/fr\/examples\/la-enredadera-el-dia\/","title":{"rendered":"La Enredadera Del J\u00fabilo: EL D\u00cdA"},"content":{"rendered":"<p class=\"pull-quote big-quote\">Le contenu que vous avez demand&eacute; n'est pas disponible dans votre langue; cependant, la version originale en espagnol est ci-dessous. <\/p>\r\n<h1>La Enredadera Del J\u00fabilo<\/h1>\r\n<h2>EL D\u00cdA<\/h2>\r\n<p class=\"half-centered\"><span class=\"padtext\">&nbsp;<\/span>Habl\u00e9. Nosotros lo comprender\u00edamos.<br \/>\r\n\u00bfIba la noche a retener tu entrega?<br \/>\r\nPor la ventana el mar que no separa.<br \/>\r\nSeremos uno interminablemente.<\/p>\r\n<p class=\"half-centered\"><span class=\"padtext\">&nbsp;<\/span>Ahora est\u00e1s conmigo. Qu\u00e9 seguro,<br \/>\r\nqu\u00e9 distinto es el ser: en su coraje<br \/>\r\nme alcanzas. \u00a1Para siempre! Los poderes,<br \/>\r\nindolentes, ajenos, conocidos.<\/p>\r\n<p class=\"half-centered\"><span class=\"padtext\">&nbsp;<\/span>Habl\u00e9. Nosotros lo comprender\u00edamos.<br \/>\r\n\u00bfIba la noche a retener tu entrega? <br \/>\r\nPor la red el erial que nos separa.<br \/>\r\nDesnudos, absolutos, luminosos.<\/p>\r\n<p class=\"half-centered\"><span class=\"padtext\">&nbsp;<\/span>Esa boca aqu\u00ed, cerca, nuestra, m\u00eda,<br \/>\r\nnuestra, tuya: si tuya, m\u00eda, m\u00eda:<br \/>\r\nlo feraz: arrecife de transcursos:<br \/>\r\nque yo, por ti, soy yo, todas tus veces.<\/p>\r\n<p class=\"half-centered\"><span class=\"padtext\">&nbsp;<\/span>Habl\u00e9. Nosotros lo comprender\u00edamos.<br \/>\r\n\u00bfIba la noche a retener tu entrega? <br \/>\r\nPor lo ayer el fanal que nos separa.<br \/>\r\nEn torbellino, fr\u00e1giles, am\u00e1ndonos.<\/p>\r\n<p class=\"half-centered\"><span class=\"padtext\">&nbsp;<\/span>Ahora estoy contigo. Realidad,<br \/>\r\nahora puedes afrontar el mar:<br \/>\r\nen la eficacia, el mar, con resistencia,<br \/>\r\nse levanta hacia el sol. T\u00fa est\u00e1s conmigo.<\/p>\r\n<p class=\"half-centered\"><span class=\"padtext\">&nbsp;<\/span>Ventana. Red. Lo ayer. \u00bfQu\u00e9 nos separa?<br \/>\r\nSeremos uno, interminablemente<br \/>\r\ndesnudos, absolutos, luminosos,<br \/>\r\nen torbellino, fr\u00e1giles, am\u00e1ndonos.<\/p>\r\n<p>&nbsp;<\/p>","protected":false},"excerpt":{"rendered":"Le contenu que vous avez demand&eacute; n&#8217;est pas disponible dans votre langue; cependant, la version originale en espagnol est ci-dessous. La Enredadera Del J\u00fabilo EL D\u00cdA &nbsp;Habl\u00e9. Nosotros lo comprender\u00edamos. \u00bfIba la noche a retener tu entrega? Por la ventana el mar que no separa. Seremos uno interminablemente. &nbsp;Ahora est\u00e1s conmigo. Qu\u00e9 seguro, qu\u00e9 distinto [&hellip;]","protected":false},"author":1,"featured_media":0,"parent":540,"menu_order":72,"comment_status":"closed","ping_status":"open","template":"","meta":{"nf_dc_page":"","_monsterinsights_skip_tracking":false,"_monsterinsights_sitenote_active":false,"_monsterinsights_sitenote_note":"","_monsterinsights_sitenote_category":0,"footnotes":""},"class_list":["post-1385","page","type-page","status-publish","hentry"],"aioseo_notices":[],"_links":{"self":[{"href":"https:\/\/davidrosenmann-taub.com\/fr\/wp-json\/wp\/v2\/pages\/1385","targetHints":{"allow":["GET"]}}],"collection":[{"href":"https:\/\/davidrosenmann-taub.com\/fr\/wp-json\/wp\/v2\/pages"}],"about":[{"href":"https:\/\/davidrosenmann-taub.com\/fr\/wp-json\/wp\/v2\/types\/page"}],"author":[{"embeddable":true,"href":"https:\/\/davidrosenmann-taub.com\/fr\/wp-json\/wp\/v2\/users\/1"}],"replies":[{"embeddable":true,"href":"https:\/\/davidrosenmann-taub.com\/fr\/wp-json\/wp\/v2\/comments?post=1385"}],"version-history":[{"count":7,"href":"https:\/\/davidrosenmann-taub.com\/fr\/wp-json\/wp\/v2\/pages\/1385\/revisions"}],"predecessor-version":[{"id":2458,"href":"https:\/\/davidrosenmann-taub.com\/fr\/wp-json\/wp\/v2\/pages\/1385\/revisions\/2458"}],"up":[{"embeddable":true,"href":"https:\/\/davidrosenmann-taub.com\/fr\/wp-json\/wp\/v2\/pages\/540"}],"wp:attachment":[{"href":"https:\/\/davidrosenmann-taub.com\/fr\/wp-json\/wp\/v2\/media?parent=1385"}],"curies":[{"name":"wp","href":"https:\/\/api.w.org\/{rel}","templated":true}]}}