{"id":1612,"date":"2015-07-02T13:18:26","date_gmt":"2015-07-02T21:18:26","guid":{"rendered":"http:\/\/dff-monolith.com\/?page_id=1612"},"modified":"2023-11-09T11:58:10","modified_gmt":"2023-11-09T19:58:10","slug":"announce","status":"publish","type":"page","link":"https:\/\/davidrosenmann-taub.com\/fr\/announce\/","title":{"rendered":"\u00c9v\u00e9nements et Annonces"},"content":{"rendered":"<p>Cette page va utiliser un mod\u00e8le, donc ce sera ignor\u00e9.<\/p>\r\n","protected":false},"excerpt":{"rendered":"Cette page va utiliser un mod\u00e8le, donc ce sera ignor\u00e9.","protected":false},"author":1,"featured_media":0,"parent":0,"menu_order":2,"comment_status":"closed","ping_status":"open","template":"corda-announcements.php","meta":{"nf_dc_page":"","_monsterinsights_skip_tracking":false,"_monsterinsights_sitenote_active":false,"_monsterinsights_sitenote_note":"","_monsterinsights_sitenote_category":0,"footnotes":""},"class_list":["post-1612","page","type-page","status-publish","hentry"],"aioseo_notices":[],"_links":{"self":[{"href":"https:\/\/davidrosenmann-taub.com\/fr\/wp-json\/wp\/v2\/pages\/1612","targetHints":{"allow":["GET"]}}],"collection":[{"href":"https:\/\/davidrosenmann-taub.com\/fr\/wp-json\/wp\/v2\/pages"}],"about":[{"href":"https:\/\/davidrosenmann-taub.com\/fr\/wp-json\/wp\/v2\/types\/page"}],"author":[{"embeddable":true,"href":"https:\/\/davidrosenmann-taub.com\/fr\/wp-json\/wp\/v2\/users\/1"}],"replies":[{"embeddable":true,"href":"https:\/\/davidrosenmann-taub.com\/fr\/wp-json\/wp\/v2\/comments?post=1612"}],"version-history":[{"count":3,"href":"https:\/\/davidrosenmann-taub.com\/fr\/wp-json\/wp\/v2\/pages\/1612\/revisions"}],"predecessor-version":[{"id":5804,"href":"https:\/\/davidrosenmann-taub.com\/fr\/wp-json\/wp\/v2\/pages\/1612\/revisions\/5804"}],"wp:attachment":[{"href":"https:\/\/davidrosenmann-taub.com\/fr\/wp-json\/wp\/v2\/media?parent=1612"}],"curies":[{"name":"wp","href":"https:\/\/api.w.org\/{rel}","templated":true}]}}