{"id":3685,"date":"2017-04-19T12:46:12","date_gmt":"2017-04-19T20:46:12","guid":{"rendered":"https:\/\/davidrosenmann-taub.com\/?page_id=3685\/"},"modified":"2017-04-20T11:11:02","modified_gmt":"2017-04-20T19:11:02","slug":"la-noche-antes-carrusel","status":"publish","type":"page","link":"https:\/\/davidrosenmann-taub.com\/fr\/examples\/la-noche-antes-carrusel\/","title":{"rendered":"La Noche Antes : CXXV"},"content":{"rendered":"<p class=\"pull-quote big-quote\">Le contenu que vous avez demand&eacute; n'est pas disponible dans votre langue; cependant, la version originale en espagnol est ci-dessous. <\/p>\r\n\r\n<h1>La Noche Antes<\/h1>\r\n<h2>CXXV<\/h2>\r\n<p>&nbsp;<\/p>\r\n<p class=\"half-centered\"><span class=\"padtext\">&nbsp;<\/span>Carrusel,<br \/>\r\nque gira, inm\u00f3vil, y se detendr\u00e1<br \/>\r\ngirando m\u00e1s:<br \/>\r\nel ser del ser del ser.<\/p>\r\n<p>&nbsp;<\/p>","protected":false},"excerpt":{"rendered":"Le contenu que vous avez demand&eacute; n&#8217;est pas disponible dans votre langue; cependant, la version originale en espagnol est ci-dessous. La Noche Antes CXXV &nbsp; &nbsp;Carrusel, que gira, inm\u00f3vil, y se detendr\u00e1 girando m\u00e1s: el ser del ser del ser. &nbsp;","protected":false},"author":1,"featured_media":0,"parent":540,"menu_order":21,"comment_status":"closed","ping_status":"closed","template":"","meta":{"nf_dc_page":"","_monsterinsights_skip_tracking":false,"_monsterinsights_sitenote_active":false,"_monsterinsights_sitenote_note":"","_monsterinsights_sitenote_category":0,"footnotes":""},"class_list":["post-3685","page","type-page","status-publish","hentry"],"aioseo_notices":[],"_links":{"self":[{"href":"https:\/\/davidrosenmann-taub.com\/fr\/wp-json\/wp\/v2\/pages\/3685","targetHints":{"allow":["GET"]}}],"collection":[{"href":"https:\/\/davidrosenmann-taub.com\/fr\/wp-json\/wp\/v2\/pages"}],"about":[{"href":"https:\/\/davidrosenmann-taub.com\/fr\/wp-json\/wp\/v2\/types\/page"}],"author":[{"embeddable":true,"href":"https:\/\/davidrosenmann-taub.com\/fr\/wp-json\/wp\/v2\/users\/1"}],"replies":[{"embeddable":true,"href":"https:\/\/davidrosenmann-taub.com\/fr\/wp-json\/wp\/v2\/comments?post=3685"}],"version-history":[{"count":3,"href":"https:\/\/davidrosenmann-taub.com\/fr\/wp-json\/wp\/v2\/pages\/3685\/revisions"}],"predecessor-version":[{"id":3751,"href":"https:\/\/davidrosenmann-taub.com\/fr\/wp-json\/wp\/v2\/pages\/3685\/revisions\/3751"}],"up":[{"embeddable":true,"href":"https:\/\/davidrosenmann-taub.com\/fr\/wp-json\/wp\/v2\/pages\/540"}],"wp:attachment":[{"href":"https:\/\/davidrosenmann-taub.com\/fr\/wp-json\/wp\/v2\/media?parent=3685"}],"curies":[{"name":"wp","href":"https:\/\/api.w.org\/{rel}","templated":true}]}}