{"id":3856,"date":"2017-07-26T14:17:58","date_gmt":"2017-07-26T22:17:58","guid":{"rendered":"https:\/\/davidrosenmann-taub.com\/?page_id=3856\/"},"modified":"2018-06-28T11:01:09","modified_gmt":"2018-06-28T19:01:09","slug":"el-zocalo-cancion-de-cuna","status":"publish","type":"page","link":"https:\/\/davidrosenmann-taub.com\/fr\/examples\/el-zocalo-cancion-de-cuna\/","title":{"rendered":"El Z\u00f3calo : XI &middot; Canci\u00f3n de cuna"},"content":{"rendered":"<p class=\"pull-quote big-quote\">Le contenu que vous avez demand&eacute; n'est pas disponible dans votre langue; cependant, la version originale en espagnol est ci-dessous. <\/p>\r\n<h1>El Z\u00f3calo<\/h1>\r\n<h2>XI<br \/>Canci\u00f3n de cuna<\/h2>\r\n<p>&nbsp;<\/p>\r\n<p class=\"half-right\"><em>Dinde.<\/em><\/p>\r\n<p class=\"half-centered\"><span class=\"padtext\">&nbsp;<\/span>Con retales de musgo, cari\u00f1o m\u00edo,<br \/>\r\nte envolver\u00e9. Haga tuto mi ni\u00f1o lindo.<br \/>\r\nTe envolver\u00e9 bien, hijo,<br \/>\r\ncon esmeraldas y halos alabastrinos.<br \/>\r\nEn tus manos, goloso cari\u00f1o m\u00edo,<br \/>\r\nmil gusanos bonitos.<br \/>\r\nHaga tuto mi ni\u00f1o, ni\u00f1o podrido.<\/p>\r\n<p class=\"half-centered\"><span class=\"padtext\">&nbsp;<\/span>(Cu\u00eddate, aliento m\u00edo, por los atajos.<br \/>\r\nAdi\u00f3s, aliento m\u00edo.)<\/p>\r\n<p class=\"half-centered\"><span class=\"padtext\">&nbsp;<\/span>Tranquilo, que te acompa\u00f1o.<br \/>\r\nMuy luego con babero de barro:<br \/>\r\nni\u00f1o viol\u00e1ceo.<\/p>\r\n<p class=\"half-centered\"><span class=\"padtext\">&nbsp;<\/span>Du\u00e9rmete para siempre, mi lucerito.<br \/>\r\nCi\u00e9rrense tus ojitos, mi lucerito.<br \/>\r\nCi\u00e9rralos para siempre, ni\u00f1o podrido.<\/p>\r\n<p class=\"half-centered\"><span class=\"padtext\">&nbsp;<\/span>(Cu\u00eddate, aliento m\u00edo, corazoncito.<br \/>\r\nAliento m\u00edo, aliento m\u00edo.)<\/p>\r\n<p class=\"half-centered\"><span class=\"padtext\">&nbsp;<\/span>Con pa\u00f1ales de hormigas, cari\u00f1o m\u00edo,<br \/>\r\nte abrigar\u00e9 el potito.<br \/>\r\nDu\u00e9rmete para siempre, mi ni\u00f1o lindo.<br \/>\r\nDu\u00e9rmete, hijo.<br \/>\r\nHazle caso a tu Nana: \u00a1du\u00e9rmete, hijo!<\/p>\r\n<p>&nbsp;<\/p>","protected":false},"excerpt":{"rendered":"Le contenu que vous avez demand&eacute; n&#8217;est pas disponible dans votre langue; cependant, la version originale en espagnol est ci-dessous. El Z\u00f3calo XICanci\u00f3n de cuna &nbsp; Dinde. &nbsp;Con retales de musgo, cari\u00f1o m\u00edo, te envolver\u00e9. Haga tuto mi ni\u00f1o lindo. Te envolver\u00e9 bien, hijo, con esmeraldas y halos alabastrinos. En tus manos, goloso cari\u00f1o m\u00edo, [&hellip;]","protected":false},"author":1,"featured_media":0,"parent":540,"menu_order":22,"comment_status":"closed","ping_status":"closed","template":"","meta":{"nf_dc_page":"","_monsterinsights_skip_tracking":false,"_monsterinsights_sitenote_active":false,"_monsterinsights_sitenote_note":"","_monsterinsights_sitenote_category":0,"footnotes":""},"class_list":["post-3856","page","type-page","status-publish","hentry"],"aioseo_notices":[],"_links":{"self":[{"href":"https:\/\/davidrosenmann-taub.com\/fr\/wp-json\/wp\/v2\/pages\/3856","targetHints":{"allow":["GET"]}}],"collection":[{"href":"https:\/\/davidrosenmann-taub.com\/fr\/wp-json\/wp\/v2\/pages"}],"about":[{"href":"https:\/\/davidrosenmann-taub.com\/fr\/wp-json\/wp\/v2\/types\/page"}],"author":[{"embeddable":true,"href":"https:\/\/davidrosenmann-taub.com\/fr\/wp-json\/wp\/v2\/users\/1"}],"replies":[{"embeddable":true,"href":"https:\/\/davidrosenmann-taub.com\/fr\/wp-json\/wp\/v2\/comments?post=3856"}],"version-history":[{"count":2,"href":"https:\/\/davidrosenmann-taub.com\/fr\/wp-json\/wp\/v2\/pages\/3856\/revisions"}],"predecessor-version":[{"id":4158,"href":"https:\/\/davidrosenmann-taub.com\/fr\/wp-json\/wp\/v2\/pages\/3856\/revisions\/4158"}],"up":[{"embeddable":true,"href":"https:\/\/davidrosenmann-taub.com\/fr\/wp-json\/wp\/v2\/pages\/540"}],"wp:attachment":[{"href":"https:\/\/davidrosenmann-taub.com\/fr\/wp-json\/wp\/v2\/media?parent=3856"}],"curies":[{"name":"wp","href":"https:\/\/api.w.org\/{rel}","templated":true}]}}