{"id":3885,"date":"2017-07-26T14:38:17","date_gmt":"2017-07-26T22:38:17","guid":{"rendered":"https:\/\/davidrosenmann-taub.com\/?page_id=3885\/"},"modified":"2018-06-28T11:17:16","modified_gmt":"2018-06-28T19:17:16","slug":"el-zocalo-puma-de-luz","status":"publish","type":"page","link":"https:\/\/davidrosenmann-taub.com\/fr\/examples\/el-zocalo-puma-de-luz\/","title":{"rendered":"El Z\u00f3calo: LXVI &middot; <em>Puma de luz&#8230;<\/em>"},"content":{"rendered":"<p class=\"pull-quote big-quote\">Le contenu que vous avez demand&eacute; n'est pas disponible dans votre langue; cependant, la version originale en espagnol est ci-dessous. <\/p>\r\n<h1>El Z\u00f3calo<\/h1>\r\n<h2>LXVI<br \/><em>Puma de luz...<\/em><\/h2>\r\n<p>&nbsp;<\/p>\r\n<p class=\"half-centered\"><span class=\"padtext\">&nbsp;<\/span>Puma de luz: me he sumergido<br \/>\r\nen el cuarto de Sara,<br \/>\r\nhurgando una quimera de pudores y almizcles<br \/>\r\nen las gavetas donde ya no hay nada:<br \/>\r\nembriaguez de baldosa con lluvia,<br \/>\r\nde retratos o broches o acacias.<\/p>\r\n\r\n<p class=\"half-centered\"><span class=\"padtext\">&nbsp;<\/span>He estregado un mont\u00f3n de polvo<br \/>\r\nen los presidios de mi cara:<br \/>\r\nmatza flagrante, sonora gamuza,<br \/>\r\ncrinolinas de porcelana,<br \/>\r\ntropel de mu\u00f1ecas y valses<br \/>\r\ny abanicos y chapas.<\/p>\r\n\r\n<p class=\"half-centered\"><span class=\"padtext\">&nbsp;<\/span>Tras mascar el ropero vac\u00edo,<br \/>\r\nrasgu\u00f1ando el rinc\u00f3n de la l\u00e1mpara,<br \/>\r\nhe lamido tapiz y paredes:<br \/>\r\nsequedal hacia esponjas de haza\u00f1a:<br \/>\r\ncon el jaral bullir de las polillas<br \/>\r\nun destello de cinta se enma\u00f1ana.<\/p>\r\n\r\n<p class=\"half-centered\"><span class=\"padtext\">&nbsp;<\/span>El yeso me ha otorgado sus bodegas:<br \/>\r\nhe ajordado, vicioso, por la rambla<br \/>\r\nde la victrola desaparecida:<br \/>\r\npor su cardumen de pizarra c\u00e1lida:<br \/>\r\ntobog\u00e1n de cerezas<br \/>\r\npara arribar al n\u00e1car de la infancia.<\/p>\r\n\r\n<p class=\"half-centered\"><span class=\"padtext\">&nbsp;<\/span>Arderme, persistirme,<br \/>\r\nhasta brotarme palmas en las palmas:<br \/>\r\nfrenes\u00ed de fronteras,<br \/>\r\ntan remoto, en volandas,<br \/>\r\ntan mendigo, tan dentro<br \/>\r\nme buscaba y jadeaba y buscaba<br \/>\r\nel olor sin color, sin aroma,<br \/>\r\nde ciertas l\u00e1grimas.<\/p>\r\n<p>&nbsp;<\/p>","protected":false},"excerpt":{"rendered":"Le contenu que vous avez demand&eacute; n&#8217;est pas disponible dans votre langue; cependant, la version originale en espagnol est ci-dessous. El Z\u00f3calo LXVIPuma de luz&#8230; &nbsp; &nbsp;Puma de luz: me he sumergido en el cuarto de Sara, hurgando una quimera de pudores y almizcles en las gavetas donde ya no hay nada: embriaguez de baldosa [&hellip;]","protected":false},"author":1,"featured_media":0,"parent":540,"menu_order":31,"comment_status":"closed","ping_status":"closed","template":"","meta":{"nf_dc_page":"","_monsterinsights_skip_tracking":false,"_monsterinsights_sitenote_active":false,"_monsterinsights_sitenote_note":"","_monsterinsights_sitenote_category":0,"footnotes":""},"class_list":["post-3885","page","type-page","status-publish","hentry"],"aioseo_notices":[],"_links":{"self":[{"href":"https:\/\/davidrosenmann-taub.com\/fr\/wp-json\/wp\/v2\/pages\/3885","targetHints":{"allow":["GET"]}}],"collection":[{"href":"https:\/\/davidrosenmann-taub.com\/fr\/wp-json\/wp\/v2\/pages"}],"about":[{"href":"https:\/\/davidrosenmann-taub.com\/fr\/wp-json\/wp\/v2\/types\/page"}],"author":[{"embeddable":true,"href":"https:\/\/davidrosenmann-taub.com\/fr\/wp-json\/wp\/v2\/users\/1"}],"replies":[{"embeddable":true,"href":"https:\/\/davidrosenmann-taub.com\/fr\/wp-json\/wp\/v2\/comments?post=3885"}],"version-history":[{"count":2,"href":"https:\/\/davidrosenmann-taub.com\/fr\/wp-json\/wp\/v2\/pages\/3885\/revisions"}],"predecessor-version":[{"id":4174,"href":"https:\/\/davidrosenmann-taub.com\/fr\/wp-json\/wp\/v2\/pages\/3885\/revisions\/4174"}],"up":[{"embeddable":true,"href":"https:\/\/davidrosenmann-taub.com\/fr\/wp-json\/wp\/v2\/pages\/540"}],"wp:attachment":[{"href":"https:\/\/davidrosenmann-taub.com\/fr\/wp-json\/wp\/v2\/media?parent=3885"}],"curies":[{"name":"wp","href":"https:\/\/api.w.org\/{rel}","templated":true}]}}