{"id":3980,"date":"2017-10-03T14:08:57","date_gmt":"2017-10-03T22:08:57","guid":{"rendered":"https:\/\/davidrosenmann-taub.com\/?page_id=3980\/"},"modified":"2024-09-27T14:42:29","modified_gmt":"2024-09-27T21:42:29","slug":"trebol-de-nueve","status":"publish","type":"page","link":"https:\/\/davidrosenmann-taub.com\/fr\/books\/trebol-de-nueve\/","title":{"rendered":"Tr\u00e9bol de Nueve"},"content":{"rendered":"<p class=\"centered-quote\"><a href=\"\/images\/books-2015\/Trebol-de-Nueve-900.jpg\" class=\"nounder highslide\" onclick=\"return hs.expand(this)\" title=\"Click to enlarge.\" rel=\"highslide\"><img decoding=\"async\" src=\"\/images\/books-2015\/Trebol-de-Nueve-300.jpg\" alt=\"Tr\u00e9bol de Nueve\"><\/a><\/p>\r\n<h1>Tr\u00e9bol de Nueve<\/h1>\r\n<p class=\"publication-info\">\r\n<strong>Kivre:<\/strong> 160 pages<br \/>\r\n<strong>\u00c9diteur:<\/strong> LOM Ediciones (2015)<br \/>\r\n<strong>Langue:<\/strong> Espagnol\u00e9<br \/>\r\n<strong>ISBN:<\/strong> 978-956-00-0645-5<br>\r\n<\/p>\r\n<p>&nbsp;<\/p>\r\n<p class=\"poem-fragment\">&ldquo;Connaissance&rdquo; ouvre le livre, et &ldquo;conscience&rdquo; le ferme: acc\u00e8s, toujours plus profond, aux pi\u00e8ces de la maison <em>humaine<\/em>.<\/p>\r\n<p style=\"text-align:center;\">*<br \/>\r\n*&nbsp;&nbsp;*<\/p>\r\n<p class=\"poem-fragment\">\u00catre, de <em>connaissance<\/em> \u00e0 <em>conscience<\/em>, en <em>neuf<\/em> \u00e9clats.<\/p>\r\n<p>&nbsp;<\/p>\r\n<p class=\"linkbox\"><a href=\"\/fr\/ortocranea\/\" class=\"example-button\">\u00c9couter le po\u00e8te<\/a><\/p>\r\n\r\n<p class=\"linkbox\"><a href=\"http:\/\/davidrosenmanntaub-drawings.com\/drawings\/mirar-para-no-ver\/\" class=\"example-button\">Sur l'illustration de la couverture du livre<\/a><\/p>\r\n<p class=\"linkbox\"><a href=\"\/examples\/con-el\/\" class=\"example-button\">Lire un po\u00e8me<\/a><\/p>\r\n<p class=\"linkbox\"><a href=\"https:\/\/lom.cl\/products\/trebol-de-nueve?_pos=6&_sid=0fc11a73a&_ss=r\" class=\"example-button\">Acheter le livre<\/a><\/p>\r\n\r\n","protected":false},"excerpt":{"rendered":"Tr\u00e9bol de Nueve Kivre: 160 pages \u00c9diteur: LOM Ediciones (2015) Langue: Espagnol\u00e9 ISBN: 978-956-00-0645-5 &nbsp; &ldquo;Connaissance&rdquo; ouvre le livre, et &ldquo;conscience&rdquo; le ferme: acc\u00e8s, toujours plus profond, aux pi\u00e8ces de la maison humaine. * *&nbsp;&nbsp;* \u00catre, de connaissance \u00e0 conscience, en neuf \u00e9clats. &nbsp; \u00c9couter le po\u00e8te Sur l&#8217;illustration de la couverture du livre Lire [&hellip;]","protected":false},"author":1,"featured_media":0,"parent":98,"menu_order":14,"comment_status":"closed","ping_status":"closed","template":"","meta":{"nf_dc_page":"","_monsterinsights_skip_tracking":false,"_monsterinsights_sitenote_active":false,"_monsterinsights_sitenote_note":"","_monsterinsights_sitenote_category":0,"footnotes":""},"class_list":["post-3980","page","type-page","status-publish","hentry"],"aioseo_notices":[],"_links":{"self":[{"href":"https:\/\/davidrosenmann-taub.com\/fr\/wp-json\/wp\/v2\/pages\/3980","targetHints":{"allow":["GET"]}}],"collection":[{"href":"https:\/\/davidrosenmann-taub.com\/fr\/wp-json\/wp\/v2\/pages"}],"about":[{"href":"https:\/\/davidrosenmann-taub.com\/fr\/wp-json\/wp\/v2\/types\/page"}],"author":[{"embeddable":true,"href":"https:\/\/davidrosenmann-taub.com\/fr\/wp-json\/wp\/v2\/users\/1"}],"replies":[{"embeddable":true,"href":"https:\/\/davidrosenmann-taub.com\/fr\/wp-json\/wp\/v2\/comments?post=3980"}],"version-history":[{"count":3,"href":"https:\/\/davidrosenmann-taub.com\/fr\/wp-json\/wp\/v2\/pages\/3980\/revisions"}],"predecessor-version":[{"id":5857,"href":"https:\/\/davidrosenmann-taub.com\/fr\/wp-json\/wp\/v2\/pages\/3980\/revisions\/5857"}],"up":[{"embeddable":true,"href":"https:\/\/davidrosenmann-taub.com\/fr\/wp-json\/wp\/v2\/pages\/98"}],"wp:attachment":[{"href":"https:\/\/davidrosenmann-taub.com\/fr\/wp-json\/wp\/v2\/media?parent=3980"}],"curies":[{"name":"wp","href":"https:\/\/api.w.org\/{rel}","templated":true}]}}