{"id":4590,"date":"2021-04-28T12:04:06","date_gmt":"2021-04-28T20:04:06","guid":{"rendered":"https:\/\/davidrosenmann-taub.com\/?page_id=4590"},"modified":"2023-11-08T16:21:18","modified_gmt":"2023-11-09T00:21:18","slug":"glosa","status":"publish","type":"page","link":"https:\/\/davidrosenmann-taub.com\/fr\/books\/glosa\/","title":{"rendered":"GLOSA"},"content":{"rendered":"<p class=\"centered-quote\"><a href=\"\/images\/books-2015\/Glosa-Cover-900.jpg\" class=\"nounder highslide\" style=\"padding:0 12px 12px 4px\" onclick=\"return hs.expand(this)\" title=\"Click to enlarge.\" rel=\"highslide\"><img decoding=\"async\" src=\"\/images\/books-2015\/Glosa-Cover-300.jpg\" alt=\"GLOSA\" \/><\/a><a href=\"\/images\/books-2015\/Glosa-Back-Cover-900.jpg\" class=\"nounder highslide\" onclick=\"return hs.expand(this)\" title=\"Click to enlarge.\" rel=\"highslide\"><img decoding=\"async\" src=\"\/images\/books-2015\/Glosa-Back-Cover-300.jpg\" alt=\"GLOSA\" \/><\/a><\/p>\r\n<h1>GLOSA<\/h1>\r\n<p class=\"publication-info\">\r\n <strong>Livre:<\/strong> 400 pages<br \/>\r\n<strong>\u00c9diteur:<\/strong> Mandora Press (2020)<br \/>\r\n <strong>Langue:<\/strong> Espagnol<br \/>\r\n <strong>ISBN: <\/strong>978-0-9824718-2-1<\/p>\r\n<p>Celui qui peut sonder le mieux la profondeur d'un travail litt\u00e9raire est son auteur lui-m\u00eame.<\/p>\r\n<p>\r\n<em>Glosa<\/em>, le r\u00e9cent livre de David Rosenmann-Taub, est un exemple rare d&rsquo;&laquo;autoherm\u00e9neutique&raquo; o\u00f9 l'auteur donne une analyse de sept de ses po\u00e8mes. Par l'utilisation de couleurs, de diff\u00e9rentes polices et de partitions rythmiques, \u00e0 travers quatre cents pages de grand format, il ouvre la voie vers l'essentiel de son travail o\u00f9 rien n'a \u00e9t\u00e9 laiss\u00e9 au hasard: chaque mot, chaque silence, chaque phon\u00e8me, chaque figure rythmique, est au service du sens.<\/p>\r\n<p>Notons qu'il consacre cent vingt pages de cet ouvrage \u00e0 un des po\u00e8mes embl\u00e9matiques de son oeuvre: \"Twilight\".<\/p>\r\n<p>&nbsp;<\/p>\r\n<h2>\u00c0 l'int\u00e9rieur du Livre<\/h2>\r\n<div class=\"sample-row\">\r\n<div class=\"sample-box\"><\/div>\r\n<div class=\"sample-box\"><a href=\"\/images\/book-graphics\/Glosa-pg-142-ESCARLATA.jpg\" class=\"nounder highslide\" onclick=\"return hs.expand(this)\" title=\"Cliquez pour agrandir.\" rel=\"highslide\"><img decoding=\"async\" src=\"\/images\/book-graphics\/Glosa-pg-142-ESCARLATA-200.jpg\" alt=\"GLOSA: ESCARLATA\" \/><\/a>\r\n<div class=\"sample-text\">Page 142<\/div>\r\n<\/div>\r\n\r\n<div class=\"sample-box\"><a href=\"\/images\/book-graphics\/Glosa-pg-235-El.jpg\" class=\"nounder highslide\" onclick=\"return hs.expand(this)\" title=\"Cliquez pour agrandir.\" rel=\"highslide\"><img decoding=\"async\" src=\"\/images\/book-graphics\/Glosa-pg-235-El-200.jpg\" alt=\"GLOSA: EL\" \/><\/a>\r\n<div class=\"sample-text\">Page 235<\/div>\r\n<\/div>\r\n\r\n<div class=\"sample-box\"><\/div>\r\n\r\n<\/div>\r\n\r\n<p>&nbsp;<\/p>\r\n<h2>Les po\u00e8mes de GLOSA: \u00c9coutez l\u2019auteur<\/h2>\r\n<table class=\"play-table\">\r\n<tr>\r\n<td>GLOSA:ONTOGENIA<\/td>\r\n<td><div class=\"play-poem\"><audio controls title=\"GLOSA:ONTOGENIA\"><source src=\"\/audio\/Glosa-1-Audio.mp3\" type=\"audio\/mpeg\">No AUDIO support!<\/audio><\/div><\/td>\r\n<td>ONTOGENIA<\/td>\r\n<\/tr>\r\n<tr>\r\n<td>GLOSA: MEDALL&Oacute;N<\/td>\r\n<td><div class=\"play-poem\"><audio controls title=\"GLOSA: MEDALL&Oacute;N\"><source src=\"\/audio\/Glosa-2-Audio.mp3\" type=\"audio\/mpeg\">No AUDIO support!<\/audio><\/div><\/td>\r\n<td>MEDALL&Oacute;N<\/td>\r\n<\/tr>\r\n<tr>\r\n<td>GLOSA: DEVOCI&Oacute;N<\/td>\r\n<td><div class=\"play-poem\"><audio controls title=\"GLOSA: DEVOCI&Oacute;N\"><source src=\"\/audio\/Glosa-3-Audio.mp3\" type=\"audio\/mpeg\">No AUDIO support!<\/audio><\/div><\/td>\r\n<td>DEVOCI&Oacute;N<\/td>\r\n<\/tr>\r\n<tr>\r\n<td>GLOSA: ESCARLATA<\/td>\r\n<td><div class=\"play-poem\"><audio controls title=\"GLOSA: ESCARLATA\"><source src=\"\/audio\/Glosa-4-Audio.mp3\" type=\"audio\/mpeg\">No AUDIO support!<\/audio><\/div><\/td>\r\n<td>ESCARLATA<\/td>\r\n<\/tr>\r\n<tr>\r\n<td>GLOSA: TWILIGHT<\/td>\r\n<td><div class=\"play-poem\"><audio controls title=\"GLOSA: TWILIGHT\"><source src=\"\/audio\/Glosa-5-Audio.mp3\" type=\"audio\/mpeg\">No AUDIO support!<\/audio><\/div><\/td>\r\n<td>TWILIGHT<\/td>\r\n<\/tr>\r\n<tr>\r\n<td>GLOSA: J&Aacute;VELE<\/td>\r\n<td><div class=\"play-poem\"><audio controls title=\"GLOSA: J&Aacute;VELE\"><source src=\"\/audio\/Glosa-6-Audio.mp3\" type=\"audio\/mpeg\">No AUDIO support!<\/audio><\/div><\/td>\r\n<td>J&Aacute;VELE<\/td>\r\n<\/tr>\r\n<tr>\r\n<td>GLOSA: UN LOGARITMO HERIDO<\/td>\r\n<td><div class=\"play-poem\"><audio controls title=\"GLOSA: UN LOGARITMO HERIDO\"><source src=\"\/audio\/Glosa-7-Un-Logaritmo-Herido.mp3\" type=\"audio\/mpeg\">No AUDIO support!<\/audio><\/div><\/td>\r\n<td>UN LOGARITMO HERIDO<\/td>\r\n<\/tr>\r\n<\/table>","protected":false},"excerpt":{"rendered":"GLOSA Livre: 400 pages \u00c9diteur: Mandora Press (2020) Langue: Espagnol ISBN: 978-0-9824718-2-1 Celui qui peut sonder le mieux la profondeur d&#8217;un travail litt\u00e9raire est son auteur lui-m\u00eame. Glosa, le r\u00e9cent livre de David Rosenmann-Taub, est un exemple rare d&rsquo;&laquo;autoherm\u00e9neutique&raquo; o\u00f9 l&#8217;auteur donne une analyse de sept de ses po\u00e8mes. Par l&#8217;utilisation de couleurs, de diff\u00e9rentes [&hellip;]","protected":false},"author":2,"featured_media":0,"parent":98,"menu_order":6,"comment_status":"closed","ping_status":"closed","template":"","meta":{"nf_dc_page":"","_monsterinsights_skip_tracking":false,"_monsterinsights_sitenote_active":false,"_monsterinsights_sitenote_note":"","_monsterinsights_sitenote_category":0,"footnotes":""},"class_list":["post-4590","page","type-page","status-publish","hentry"],"aioseo_notices":[],"_links":{"self":[{"href":"https:\/\/davidrosenmann-taub.com\/fr\/wp-json\/wp\/v2\/pages\/4590","targetHints":{"allow":["GET"]}}],"collection":[{"href":"https:\/\/davidrosenmann-taub.com\/fr\/wp-json\/wp\/v2\/pages"}],"about":[{"href":"https:\/\/davidrosenmann-taub.com\/fr\/wp-json\/wp\/v2\/types\/page"}],"author":[{"embeddable":true,"href":"https:\/\/davidrosenmann-taub.com\/fr\/wp-json\/wp\/v2\/users\/2"}],"replies":[{"embeddable":true,"href":"https:\/\/davidrosenmann-taub.com\/fr\/wp-json\/wp\/v2\/comments?post=4590"}],"version-history":[{"count":10,"href":"https:\/\/davidrosenmann-taub.com\/fr\/wp-json\/wp\/v2\/pages\/4590\/revisions"}],"predecessor-version":[{"id":5800,"href":"https:\/\/davidrosenmann-taub.com\/fr\/wp-json\/wp\/v2\/pages\/4590\/revisions\/5800"}],"up":[{"embeddable":true,"href":"https:\/\/davidrosenmann-taub.com\/fr\/wp-json\/wp\/v2\/pages\/98"}],"wp:attachment":[{"href":"https:\/\/davidrosenmann-taub.com\/fr\/wp-json\/wp\/v2\/media?parent=4590"}],"curies":[{"name":"wp","href":"https:\/\/api.w.org\/{rel}","templated":true}]}}