{"id":5074,"date":"2022-03-11T14:51:31","date_gmt":"2022-03-11T22:51:31","guid":{"rendered":"https:\/\/davidrosenmann-taub.com\/?page_id=5074"},"modified":"2022-03-11T17:36:14","modified_gmt":"2022-03-12T01:36:14","slug":"tilimtilin","status":"publish","type":"page","link":"https:\/\/davidrosenmann-taub.com\/fr\/books\/tilimtilin\/","title":{"rendered":"T\u00edlimtil\u00edn"},"content":{"rendered":"<p class=\"centered-quote\"><a href=\"\/images\/books-2015\/Tilimtilin-900.jpg\" class=\"nounder highslide\" style=\"padding:0 12px 12px 4px\" onclick=\"return hs.expand(this)\" title=\"Click to enlarge.\" rel=\"highslide\"><img decoding=\"async\" src=\"\/images\/books-2015\/Tilimtilin-300.jpg\" alt=\"T\u00edlimtil\u00edn\" \/><\/a>\r\n<a href=\"\/images\/books-2015\/Tilimtilin-Back-900.jpg\" class=\"nounder highslide\" onclick=\"return hs.expand(this)\" title=\"Click to enlarge.\" rel=\"highslide\"><img decoding=\"async\" src=\"\/images\/books-2015\/Tilimtilin-Back-300.jpg\" alt=\"T\u00edlimtil\u00edn\" \/><\/a>\r\n<\/p>\r\n<h1>T\u00edlimtil\u00edn<\/h1>\r\n\r\n<p class=\"publication-info\">\r\n <strong>Livre:<\/strong> 212 pages<br \/>\r\n<strong>\u00c9diteur:<\/strong> LOM Ediciones (2021)<br \/>\r\n <strong>Langue:<\/strong> Espagnol<br \/>\r\n <strong>ISBN: <\/strong>978-956-00-1471-9<\/p>\r\n\r\n<p><em>T\u00edlimtil\u00edn<\/em>, le nouveau livre David Rosenmann-Taub, est une oeuvre pr\u00e9c\u00e9demment non publi\u00e9e sur laquelle il a travaill\u00e9 pendant de nombreuses ann\u00e9es. Ses cent soixante-quinze po\u00e8mes comportent deux sections: <em>T\u00edlim<\/em>: psaumes: oc\u00e9an  de fictions. Et d\u00e9sillusion \u00e9vidente. Le pouvoir de la fiction contre la r\u00e9alit\u00e9. <em>Til\u00edn<\/em>: une cloche qui \u00e9veille \u00e0 une r\u00e9alit\u00e9 v\u00e9ritable, quelquefois apparemment myst\u00e9rieuse, et qui la d\u00e9fend.<\/p>\r\n<p>Le dessin de la couverture est une cr\u00e9ation de l'auteur. Elle se rapporte au contenu du recueil: <em>des yeux multiples, manifestation de certitudes<\/em>.<\/p>\r\n<p>Publi\u00e9 en d\u00e9cembre 2021 par LOM Ediciones (Santiago du Chili).<\/p>\r\n<p>&nbsp;<\/p>\r\n<h3 class=\"half-centered-title\">I<\/h3>\r\n<p class=\"half-centered\">No me ofrezcas, Se\u00f1or, por redimirme,<br>\r\n<span class=\"padtextmed\">&nbsp;<\/span>del multiverso el fondo.<br><br>\r\n<span class=\"padtext\">&nbsp;<\/span>Ofr\u00e9ceme los ojos de tus ojos:<br>\r\n<span class=\"padtextmedmed\">&nbsp;<\/span>lo imposible.<\/p>\r\n<p>&nbsp;<\/p>\r\n<h3 class=\"half-centered-title\">CXXVI<\/h3>\r\n<p class=\"half-centered\">&nbsp;&nbsp;Prolongaci\u00f3n:<br>\r\nenjambre<br>\r\nde esplendores:<br>\r\nmadrepadre:<br>\r\n&nbsp;<br>\r\n&nbsp;&nbsp;mi cima . . .<br>\r\nPoes\u00eda<br>\r\n\u2013 fervor \u2013,<br>\r\n\u00a1no me abandones!<\/p>\r\n","protected":false},"excerpt":{"rendered":"T\u00edlimtil\u00edn Livre: 212 pages \u00c9diteur: LOM Ediciones (2021) Langue: Espagnol ISBN: 978-956-00-1471-9 T\u00edlimtil\u00edn, le nouveau livre David Rosenmann-Taub, est une oeuvre pr\u00e9c\u00e9demment non publi\u00e9e sur laquelle il a travaill\u00e9 pendant de nombreuses ann\u00e9es. Ses cent soixante-quinze po\u00e8mes comportent deux sections: T\u00edlim: psaumes: oc\u00e9an de fictions. Et d\u00e9sillusion \u00e9vidente. Le pouvoir de la fiction contre la [&hellip;]","protected":false},"author":2,"featured_media":0,"parent":98,"menu_order":8,"comment_status":"closed","ping_status":"closed","template":"","meta":{"nf_dc_page":"","_monsterinsights_skip_tracking":false,"_monsterinsights_sitenote_active":false,"_monsterinsights_sitenote_note":"","_monsterinsights_sitenote_category":0,"footnotes":""},"class_list":["post-5074","page","type-page","status-publish","hentry"],"aioseo_notices":[],"_links":{"self":[{"href":"https:\/\/davidrosenmann-taub.com\/fr\/wp-json\/wp\/v2\/pages\/5074","targetHints":{"allow":["GET"]}}],"collection":[{"href":"https:\/\/davidrosenmann-taub.com\/fr\/wp-json\/wp\/v2\/pages"}],"about":[{"href":"https:\/\/davidrosenmann-taub.com\/fr\/wp-json\/wp\/v2\/types\/page"}],"author":[{"embeddable":true,"href":"https:\/\/davidrosenmann-taub.com\/fr\/wp-json\/wp\/v2\/users\/2"}],"replies":[{"embeddable":true,"href":"https:\/\/davidrosenmann-taub.com\/fr\/wp-json\/wp\/v2\/comments?post=5074"}],"version-history":[{"count":3,"href":"https:\/\/davidrosenmann-taub.com\/fr\/wp-json\/wp\/v2\/pages\/5074\/revisions"}],"predecessor-version":[{"id":5086,"href":"https:\/\/davidrosenmann-taub.com\/fr\/wp-json\/wp\/v2\/pages\/5074\/revisions\/5086"}],"up":[{"embeddable":true,"href":"https:\/\/davidrosenmann-taub.com\/fr\/wp-json\/wp\/v2\/pages\/98"}],"wp:attachment":[{"href":"https:\/\/davidrosenmann-taub.com\/fr\/wp-json\/wp\/v2\/media?parent=5074"}],"curies":[{"name":"wp","href":"https:\/\/api.w.org\/{rel}","templated":true}]}}