{"id":540,"date":"2015-02-16T00:35:36","date_gmt":"2015-02-16T08:35:36","guid":{"rendered":"http:\/\/dff-monolith.com\/?page_id=540"},"modified":"2023-10-12T16:23:30","modified_gmt":"2023-10-12T23:23:30","slug":"examples","status":"publish","type":"page","link":"https:\/\/davidrosenmann-taub.com\/fr\/examples\/","title":{"rendered":"\u0152uvres Choisies de David Rosenmann-Taub"},"content":{"rendered":"<h1>\u0152uvres Choisies de David Rosenmann-Taub<\/h1>\r\n\r\n<div style=\"text-align:center;\">\r\n<p>Lorsqu'ils sont pr\u00e9sents, les fichiers audio offrent l'auteur \u00e0 lire le po\u00e8me s\u00e9lectionn\u00e9.<\/p>\r\n\r\n<div class=\"poembox\">\r\n<h2>Tr\u00e9bol de Nueve (2016)<\/h2>\r\n<div class=\"poembox-contents\">\r\n<img decoding=\"async\" src=\"\/images\/books-2015\/Trebol-de-Nueve-160.jpg\" alt=\"Tr\u00e9bol de Nueve\" \/>\r\n<ul>\r\n<li><a href=\"\/fr\/examples\/con-el\/\" class=\"nounder\">CON \u00c9L<\/a><\/li>\r\n<\/ul>\r\n<\/div>\r\n<\/div>\r\n\r\n<div class=\"poembox\">\r\n<h2>O\u00f3,o (2015)<\/h2>\r\n<div class=\"poembox-contents\">\r\n<img decoding=\"async\" src=\"\/images\/books-2015\/Ooo-160.jpg\" alt=\"O\u00f3,o\" \/>\r\n<ul>\r\n<li><a href=\"\/fr\/examples\/ooo-ooo\/\" class=\"nounder\">O\u00f3,o<\/a><\/li>\r\n<li><a href=\"\/fr\/examples\/ooo-xviii\/\" class=\"nounder\">XVIII<\/a><\/li>\r\n<li><a href=\"\/fr\/examples\/himno\/\" class=\"nounder\">HIMNO<\/a><\/li>\r\n<\/ul>\r\n<\/div>\r\n<\/div>\r\n\r\n<div class=\"poembox\">\r\n<h2>La Noche Antes (2013)<\/h2>\r\n<div class=\"poembox-contents\">\r\n<img decoding=\"async\" src=\"\/images\/books-2015\/La-Noche-Antes-160.jpg\" alt=\"La Noche Antes\" \/>\r\n<ul>\r\n<li><a href=\"\/fr\/examples\/la-noche-antes-carrusel\/\" class=\"nounder\">CXXV<\/a><\/li>\r\n<li><a href=\"\/fr\/examples\/la-noche-antes-el-carruaje\/\" class=\"nounder\">CLXXVII<\/a><\/li>\r\n<\/ul>\r\n<\/div>\r\n<\/div>\r\n\r\n<div class=\"poembox\">\r\n<h2>El Z\u00f3calo (2013)<\/h2>\r\n<div class=\"poembox-contents\">\r\n<img decoding=\"async\" src=\"\/images\/books-2015\/El-Zocalo-160.jpg\" alt=\"El Z\u00f3calo\" \/>\r\n<ul>\r\n<li><a href=\"\/fr\/examples\/el-zocalo-el-gato\/\" class=\"nounder\">X &middot; El gato coge a una mariposa<\/a><\/li>\r\n<li><a href=\"\/fr\/examples\/el-zocalo-cancion-de-cuna\/\" class=\"nounder\">XI &middot; Canci\u00f3n de cuna<\/a><\/li>\r\n<li><a href=\"\/fr\/examples\/el-zocalo-genetrix\/\" class=\"nounder\">XVII &middot; Genetrix<\/a><\/li>\r\n<li><a href=\"\/fr\/examples\/el-zocalo-dios-se-cambia\/\" class=\"nounder\">XXVII &middot; <em>Dios se cambia de casa...<\/em><\/a><\/li>\r\n<li><a href=\"\/fr\/examples\/el-zocalo-que-no-enturbie\/\" class=\"nounder\">LXV &middot; <em>Que no enturbie tus veredas...<\/em><\/a><\/li>\r\n<li><a href=\"\/fr\/examples\/el-zocalo-puma-de-luz\/\" class=\"nounder\">LXVI &middot; <em>Puma de luz...<\/em><\/a><\/li>\r\n<\/ul>\r\n<\/div>\r\n<\/div>\r\n\r\n<div class=\"poembox\">\r\n<h2>La Opci\u00f3n (2011)<\/h2>\r\n<div class=\"poembox-contents\">\r\n<img decoding=\"async\" src=\"\/images\/books-2015\/La-Opcion-160.jpg\" alt=\"La Opci\u00f3n\" \/>\r\n<ul>\r\n<li><a href=\"\/fr\/examples\/la-opcion-sepulcro\/\" class=\"nounder\">SEPULCRO<\/a><\/li>\r\n<\/ul>\r\n<\/div>\r\n<\/div>\r\n\r\n<div class=\"poembox\">\r\n<h2>Me Incit\u00f3 el Espejo (2010)<\/h2>\r\n<div class=\"poembox-contents\">\r\n<img decoding=\"async\" src=\"\/images\/books-2015\/Me-incito-160.jpg\" alt=\"Me Incit\u00f3 el Espejo\" \/>\r\n<ul>\r\n<li><a href=\"\/fr\/examples\/me-incito-el-espejo-lo-indiscutible\/\" class=\"nounder\">LO INDISCUTIBLE<\/a><\/li>\r\n<\/ul>\r\n<\/div>\r\n<\/div>\r\n\r\n<div class=\"poembox\">\r\n<h2>Auge (2007)<\/h2>\r\n<div class=\"poembox-contents\">\r\n<img decoding=\"async\" src=\"\/images\/books-2015\/Auge-160.jpg\" alt=\"Auge\" \/>\r\n<ul>\r\n<li><a href=\"\/fr\/examples\/auge-auge\/\" class=\"nounder\">I <span class=\"small-notice\">AUDIO<\/span><\/a><\/li>\r\n<li><a href=\"\/fr\/examples\/auge-nicho\/\" class=\"nounder\">NICHO <span class=\"small-notice\">AUDIO<\/span><\/a><\/li>\r\n<li><a href=\"\/fr\/examples\/auge-paris-guadalajara\/\" class=\"nounder\">XXXI<\/a><\/li>\r\n<\/ul>\r\n<\/div>\r\n<\/div>\r\n\r\n<div class=\"poembox\">\r\n<h2>Poesiectom&iacute;a (2005)<\/h2>\r\n<div class=\"poembox-contents\">\r\n<img decoding=\"async\" src=\"\/images\/books-2015\/Poesiectomia-160.jpg\" alt=\"Poesiectomia\" \/>\r\n<ul>\r\n<li><a href=\"\/fr\/examples\/poesiectomia-xviii\/\" class=\"nounder\">XVIII <span class=\"small-notice\">AUDIO<\/span><\/a><\/li>\r\n<\/ul>\r\n<\/div>\r\n<\/div>\r\n\r\n<div class=\"poembox\">\r\n<h2>Pa&iacute;s M&aacute;s All&aacute; (2004)<\/h2>\r\n<div class=\"poembox-contents\">\r\n<img decoding=\"async\" src=\"\/images\/books-2015\/Pais-mas-alla-160.jpg\" alt=\"Pa&iacute;s M&aacute;s All&aacute;\" \/>\r\n<ul>\r\n<li><a href=\"\/fr\/examples\/pais-xiii\/\" class=\"nounder\">XIII <span class=\"small-notice\">AUDIO<\/span><\/a><\/li>\r\n<\/ul>\r\n<\/div>\r\n<\/div>\r\n\r\n<div class=\"poembox\">\r\n<h2>El Mensajero (2003)<\/h2>\r\n<div class=\"poembox-contents\">\r\n<img decoding=\"async\" src=\"\/images\/books-2015\/El-Mensajero-160.jpg\" alt=\"El Mensajero\" \/>\r\n<ul>\r\n<li><a href=\"\/fr\/examples\/el-mensajero-iv-conjuro\/\" class=\"nounder\">IV &middot; CONJURO<\/a><\/li>\r\n<li><a href=\"\/fr\/examples\/el-mensajero-v-javele\/\" class=\"nounder\">V &middot; J\u00c1VELE<\/a><\/li>\r\n<li><a href=\"\/fr\/examples\/el-mensajero-ficcion\/\" class=\"nounder\">XI &middot; FICCI\u00d3N<\/a><\/li>\r\n<li><a href=\"\/fr\/examples\/el-mensajero-lxiii\/\" class=\"nounder\">LXIII &middot; <em>C\u00f3mo me gustar\u00eda ser esa oscura ci\u00e9naga<\/em> <span class=\"small-notice\">AUDIO<\/span><\/a><\/li>\r\n<li><a href=\"\/fr\/examples\/el-mensajero-lxxx-carezzevole\/\" class=\"nounder\">LXXX &middot; CAREZZEVOLE<\/a><\/li>\r\n<\/ul>\r\n<\/div>\r\n<\/div>\r\n\r\n<div class=\"poembox\">\r\n<h2>Cortejo y Epinicio (2002)<\/h2>\r\n<div class=\"poembox-contents\">\r\n<img decoding=\"async\" src=\"\/images\/books-2015\/Cortejo2-160.jpg\" alt=\"Cortejo y Epinicio\" \/>\r\n<ul>\r\n<li><a href=\"\/fr\/examples\/cortejo-lxii-schabat\/\" class=\"nounder\">LXII SCHABAT <span class=\"small-notice\">AUDIO<\/span><\/a><\/li>\r\n<li><a href=\"\/fr\/examples\/cortejo-preludio\/\" class=\"nounder\">PRELUDIO<\/a><\/li>\r\n<li><a href=\"\/fr\/examples\/cortejo-lvii\/\" class=\"nounder\">LVII<\/a><\/li>\r\n<\/ul>\r\n<\/div>\r\n<\/div>\r\n\r\n<div class=\"poembox\">\r\n<h2>Al Rey Su Trono (1983)<\/h2>\r\n<div class=\"poembox-contents\">\r\n<img decoding=\"async\" src=\"\/images\/books-2015\/Al-Rey-Su-Trono-160.jpg\" alt=\"Al Rey Su Trono\" \/>\r\n<ul>\r\n<li><a href=\"\/fr\/examples\/al-rey-su-trono-xv-xviii\/\" class=\"nounder\">XV &bull; XVIII<\/a><\/li>\r\n<\/ul>\r\n<\/div>\r\n<\/div>\r\n\r\n<div class=\"poembox\">\r\n<h2>Los Despojos del Sol, Ananda Segunda (1978)<\/h2>\r\n<div class=\"poembox-contents\">\r\n<img decoding=\"async\" src=\"\/images\/books-2015\/Los-Despojos-Segunda-160.jpg\" alt=\"Los Despojos del Sol, Ananda Segunda\" \/>\r\n<ul>\r\n<li><a href=\"\/fr\/examples\/los-despojos-musa\/\" class=\"nounder\">MUSA <span class=\"small-notice\">AUDIO<\/span><\/a><\/li>\r\n<li><a href=\"\/fr\/examples\/los-despojos-ataraxia\/\" class=\"nounder\">ATARAXIA<\/a><\/li>\r\n<\/ul>\r\n<\/div>\r\n<\/div>\r\n\r\n<div class=\"poembox\">\r\n<h2>Los Despojos del Sol, Ananda Primera (1976)<\/h2>\r\n<div class=\"poembox-contents\">\r\n<img decoding=\"async\" src=\"\/images\/books-2015\/Los-Despojos-Primera-160.jpg\" alt=\"Los Despojos del Sol, Ananda Primera\" \/>\r\n<ul>\r\n<li><a href=\"\/fr\/examples\/los-despojos-la-vispera\/\" class=\"nounder\">LA V\u00cdSPERA <span class=\"small-notice\">AUDIO<\/span><\/a><\/li>\r\n<\/ul>\r\n<\/div>\r\n<\/div>\r\n\r\n<div class=\"poembox\">\r\n<h2>Cuaderno de Poes\u00eda (1962)<\/h2>\r\n<div class=\"poembox-contents\">\r\n<img decoding=\"async\" src=\"\/images\/books-2015\/Cuaderno-160.jpg\" alt=\"Cuaderno de Poes\u00eda\" \/>\r\n<ul>\r\n<li><a href=\"\/fr\/examples\/cuaderno-el-raudal\/\" class=\"nounder\">EL RAUDAL<\/a><\/li>\r\n<\/ul>\r\n<\/div>\r\n<\/div>\r\n\r\n<div class=\"poembox\">\r\n<h2>La Enredadera Del J\u00fabilo (1952)<\/h2>\r\n<div class=\"poembox-contents\">\r\n<img decoding=\"async\" src=\"\/images\/books-2015\/La-Enredadera-160.jpg\" alt=\"La Enredadera Del J\u00fabilo\" \/>\r\n<ul>\r\n<li><a href=\"\/fr\/examples\/la-enredadera-el-dia\/\" class=\"nounder\">EL D\u00cdA<\/a><\/li>\r\n<\/ul>\r\n<\/div>\r\n<\/div>\r\n\r\n<div class=\"poembox\">\r\n<h2>Los Surcos Inundados (1951)<\/h2>\r\n<div class=\"poembox-contents\">\r\n<img decoding=\"async\" src=\"\/images\/books-2015\/Los-Surcos-First-160.jpg\" alt=\"Los Surcos Inundados\" \/>\r\n<ul>\r\n<li><a href=\"\/fr\/examples\/los-surcos-abismo\/\" class=\"nounder\">ABISMO<\/a><\/li>\r\n<\/ul>\r\n<\/div>\r\n<\/div>\r\n\r\n<\/div>\r\n\r\n<div class=\"message-box clearfix msgbox-testimonial emdashed\" data-announce=\"33\"><h2 >Pedro Gandolfo, 2007<\/h2><div class=\"boxtext-wrapper\">&ldquo;Le projet de David Rosenmann-Taub dans son ensemble est soumis \u00e0 l'imp\u00e9ratif d'exploiter au maximum les possibilit\u00e9s sonores de la po\u00e9sie, la rapprochant ainsi de la musique: pour lui, la forme, le contenu et l'esprit de l'\u0153uvre, tout ins\u00e9parables, sont capt\u00e9s par l'oreille.&rdquo;<\/div><\/div>\r\n","protected":false},"excerpt":{"rendered":"\u0152uvres Choisies de David Rosenmann-Taub Lorsqu&#8217;ils sont pr\u00e9sents, les fichiers audio offrent l&#8217;auteur \u00e0 lire le po\u00e8me s\u00e9lectionn\u00e9. Tr\u00e9bol de Nueve (2016) CON \u00c9L O\u00f3,o (2015) O\u00f3,o XVIII HIMNO La Noche Antes (2013) CXXV CLXXVII El Z\u00f3calo (2013) X &middot; El gato coge a una mariposa XI &middot; Canci\u00f3n de cuna XVII &middot; Genetrix XXVII [&hellip;]","protected":false},"author":1,"featured_media":0,"parent":0,"menu_order":32,"comment_status":"closed","ping_status":"open","template":"","meta":{"nf_dc_page":"","_monsterinsights_skip_tracking":false,"_monsterinsights_sitenote_active":false,"_monsterinsights_sitenote_note":"","_monsterinsights_sitenote_category":0,"footnotes":""},"class_list":["post-540","page","type-page","status-publish","hentry"],"aioseo_notices":[],"_links":{"self":[{"href":"https:\/\/davidrosenmann-taub.com\/fr\/wp-json\/wp\/v2\/pages\/540","targetHints":{"allow":["GET"]}}],"collection":[{"href":"https:\/\/davidrosenmann-taub.com\/fr\/wp-json\/wp\/v2\/pages"}],"about":[{"href":"https:\/\/davidrosenmann-taub.com\/fr\/wp-json\/wp\/v2\/types\/page"}],"author":[{"embeddable":true,"href":"https:\/\/davidrosenmann-taub.com\/fr\/wp-json\/wp\/v2\/users\/1"}],"replies":[{"embeddable":true,"href":"https:\/\/davidrosenmann-taub.com\/fr\/wp-json\/wp\/v2\/comments?post=540"}],"version-history":[{"count":10,"href":"https:\/\/davidrosenmann-taub.com\/fr\/wp-json\/wp\/v2\/pages\/540\/revisions"}],"predecessor-version":[{"id":5739,"href":"https:\/\/davidrosenmann-taub.com\/fr\/wp-json\/wp\/v2\/pages\/540\/revisions\/5739"}],"wp:attachment":[{"href":"https:\/\/davidrosenmann-taub.com\/fr\/wp-json\/wp\/v2\/media?parent=540"}],"curies":[{"name":"wp","href":"https:\/\/api.w.org\/{rel}","templated":true}]}}