{"id":6054,"date":"2025-03-27T12:51:33","date_gmt":"2025-03-27T19:51:33","guid":{"rendered":"https:\/\/davidrosenmann-taub.com\/?page_id=6054"},"modified":"2025-03-27T12:52:13","modified_gmt":"2025-03-27T19:52:13","slug":"rhythms","status":"publish","type":"page","link":"https:\/\/davidrosenmann-taub.com\/fr\/music\/rhythms\/","title":{"rendered":"Rhythms of a Multiverse (en Anglais)"},"content":{"rendered":"<h2>Rhythms of a Multiverse<\/h2>\r\n<div class=\"video-wrapper\"><iframe loading=\"lazy\" src=\"https:\/\/player.vimeo.com\/video\/629424012\" width=\"640\" height=\"352\" frameborder=\"0\" webkitallowfullscreen mozallowfullscreen allowfullscreen><\/iframe><\/div>\r\n<p><strong><em>Rhythms of a Multiverse<\/em><\/strong> pr\u00e9sente dix-neuf s\u00e9lections de performances instrumentales de David Rosenmann-Taub. Au moyen de brefs r\u00e9cits, le compositeur examine la relation entre sa po\u00e9sie et sa musique, la base du langage musical, l'art comme expression d'une exp\u00e9rience v\u00e9cue et le r\u00f4le du rythme dans la nature, la po\u00e9sie et la musique.<\/p>","protected":false},"excerpt":{"rendered":"Rhythms of a Multiverse Rhythms of a Multiverse pr\u00e9sente dix-neuf s\u00e9lections de performances instrumentales de David Rosenmann-Taub. Au moyen de brefs r\u00e9cits, le compositeur examine la relation entre sa po\u00e9sie et sa musique, la base du langage musical, l&#8217;art comme expression d&#8217;une exp\u00e9rience v\u00e9cue et le r\u00f4le du rythme dans la nature, la po\u00e9sie et [&hellip;]","protected":false},"author":2,"featured_media":0,"parent":6034,"menu_order":2,"comment_status":"closed","ping_status":"closed","template":"","meta":{"nf_dc_page":"","_monsterinsights_skip_tracking":true,"_monsterinsights_sitenote_active":false,"_monsterinsights_sitenote_note":"","_monsterinsights_sitenote_category":0,"footnotes":""},"class_list":["post-6054","page","type-page","status-publish","hentry"],"aioseo_notices":[],"_links":{"self":[{"href":"https:\/\/davidrosenmann-taub.com\/fr\/wp-json\/wp\/v2\/pages\/6054","targetHints":{"allow":["GET"]}}],"collection":[{"href":"https:\/\/davidrosenmann-taub.com\/fr\/wp-json\/wp\/v2\/pages"}],"about":[{"href":"https:\/\/davidrosenmann-taub.com\/fr\/wp-json\/wp\/v2\/types\/page"}],"author":[{"embeddable":true,"href":"https:\/\/davidrosenmann-taub.com\/fr\/wp-json\/wp\/v2\/users\/2"}],"replies":[{"embeddable":true,"href":"https:\/\/davidrosenmann-taub.com\/fr\/wp-json\/wp\/v2\/comments?post=6054"}],"version-history":[{"count":1,"href":"https:\/\/davidrosenmann-taub.com\/fr\/wp-json\/wp\/v2\/pages\/6054\/revisions"}],"predecessor-version":[{"id":6056,"href":"https:\/\/davidrosenmann-taub.com\/fr\/wp-json\/wp\/v2\/pages\/6054\/revisions\/6056"}],"up":[{"embeddable":true,"href":"https:\/\/davidrosenmann-taub.com\/fr\/wp-json\/wp\/v2\/pages\/6034"}],"wp:attachment":[{"href":"https:\/\/davidrosenmann-taub.com\/fr\/wp-json\/wp\/v2\/media?parent=6054"}],"curies":[{"name":"wp","href":"https:\/\/api.w.org\/{rel}","templated":true}]}}