{"id":6067,"date":"2025-03-27T14:14:38","date_gmt":"2025-03-27T21:14:38","guid":{"rendered":"https:\/\/davidrosenmann-taub.com\/?page_id=6067"},"modified":"2026-02-19T10:29:12","modified_gmt":"2026-02-19T18:29:12","slug":"live-recordings","status":"publish","type":"page","link":"https:\/\/davidrosenmann-taub.com\/fr\/music\/live-recordings\/","title":{"rendered":"Enregistrements Vid\u00e9o"},"content":{"rendered":"<h2>Oeuvres &bull; Enregistrements Vid\u00e9o<\/h2>\r\n<div class=\"works-list\">\r\n<table>\r\n  <tr class=\"\"><td><img decoding=\"async\" src=\"\/images\/m23\/La-Balaustrada.jpg\" class=\"select-video\" data-video=\"Balaustrada\" alt=\"Balaustrada Centellante\" \/><\/td><td>&nbsp;&nbsp;<\/td><td><p><em>Balaustrada<\/em> : un appui sur un pont. <em>Centelle<\/em>\u00a0: quelque chose qui brille vivement, comme des \u00e9tincelles, produisant une splendide lumi\u00e8re scintillante. <strong><em>Balaustrada Centellante<\/em><\/strong> est une pi\u00e8ce en un seul mouvement. L'expression du temps peut \u00eatre entendue tout au long de la pi\u00e8ce. Les annotations textuelles sont les paroles du compositeur.<\/p><\/td>\r\n  <\/tr>\r\n  <tr class=\"\"><td><img decoding=\"async\" src=\"\/images\/m23\/Mensaje-a-Allende.jpg\" class=\"select-video\" data-video=\"Allende\" alt=\"Mensaje a Pedro Humberto Allende\" \/><\/td><td>&nbsp;&nbsp;<\/td><td><p>David Rosenmann-Taub joue <strong><em>Mensaje a Pedro Humberto Allende<\/em><\/strong> (d'Eleg\u00edas 2).<\/p><\/td>\r\n  <\/tr>\r\n  <tr class=\"\"><td><img decoding=\"async\" src=\"\/images\/m23\/Los-Curiosos.jpg\" class=\"select-video\" data-video=\"Curiosos\" alt=\"Los Curiosos Impertinentes\" \/><\/td><td>&nbsp;&nbsp;<\/td><td><p>David Rosenmann-Taub joue <strong><em>Los Curiosos Impertinentes<\/em><\/strong> (un fragment) de <em>En un lugar de la Sangre<\/em>.<\/p><\/td>\r\n  <\/tr>\r\n  <tr class=\"\"><td><img decoding=\"async\" src=\"\/images\/m23\/Dagger-of-Life.jpg\" class=\"select-video\" data-video=\"Dagger\" alt=\"Dagger of Life\" \/><\/td><td>&nbsp;&nbsp;<\/td><td><p><em>Dagger of Life<\/em> est une compilation de 20 enregistrements r\u00e9alis\u00e9s par David Rosenmann-Taub de 1990 \u00e0 1994. S\u00e9lectionn\u00e9s parmi l'abondante collection de ses \u0153uvres, intitul\u00e9es par le compositeur, le CD a \u00e9t\u00e9 initialement publi\u00e9 par Mandora Productions en 1994.<\/p><\/td>\r\n  <\/tr>\r\n<\/table>\r\n<\/div>\r\n\r\n<p style=\"text-align:center;\">\r\n<button class=\"gobutton\"><a href=\"https:\/\/www.youtube.com\/@Cordafoundation\" class=\"nounder\">Voir notre cha\u00eene YouTube<\/a><\/button>\r\n<\/p>","protected":false},"excerpt":{"rendered":"Oeuvres &bull; Enregistrements Vid\u00e9o &nbsp;&nbsp;Balaustrada : un appui sur un pont. Centelle\u00a0: quelque chose qui brille vivement, comme des \u00e9tincelles, produisant une splendide lumi\u00e8re scintillante. Balaustrada Centellante est une pi\u00e8ce en un seul mouvement. L&#8217;expression du temps peut \u00eatre entendue tout au long de la pi\u00e8ce. Les annotations textuelles sont les paroles du compositeur. &nbsp;&nbsp;David [&hellip;]","protected":false},"author":2,"featured_media":0,"parent":6034,"menu_order":4,"comment_status":"closed","ping_status":"closed","template":"","meta":{"nf_dc_page":"","_monsterinsights_skip_tracking":true,"_monsterinsights_sitenote_active":false,"_monsterinsights_sitenote_note":"","_monsterinsights_sitenote_category":0,"footnotes":""},"class_list":["post-6067","page","type-page","status-publish","hentry"],"aioseo_notices":[],"_links":{"self":[{"href":"https:\/\/davidrosenmann-taub.com\/fr\/wp-json\/wp\/v2\/pages\/6067","targetHints":{"allow":["GET"]}}],"collection":[{"href":"https:\/\/davidrosenmann-taub.com\/fr\/wp-json\/wp\/v2\/pages"}],"about":[{"href":"https:\/\/davidrosenmann-taub.com\/fr\/wp-json\/wp\/v2\/types\/page"}],"author":[{"embeddable":true,"href":"https:\/\/davidrosenmann-taub.com\/fr\/wp-json\/wp\/v2\/users\/2"}],"replies":[{"embeddable":true,"href":"https:\/\/davidrosenmann-taub.com\/fr\/wp-json\/wp\/v2\/comments?post=6067"}],"version-history":[{"count":3,"href":"https:\/\/davidrosenmann-taub.com\/fr\/wp-json\/wp\/v2\/pages\/6067\/revisions"}],"predecessor-version":[{"id":6679,"href":"https:\/\/davidrosenmann-taub.com\/fr\/wp-json\/wp\/v2\/pages\/6067\/revisions\/6679"}],"up":[{"embeddable":true,"href":"https:\/\/davidrosenmann-taub.com\/fr\/wp-json\/wp\/v2\/pages\/6034"}],"wp:attachment":[{"href":"https:\/\/davidrosenmann-taub.com\/fr\/wp-json\/wp\/v2\/media?parent=6067"}],"curies":[{"name":"wp","href":"https:\/\/api.w.org\/{rel}","templated":true}]}}