{"id":6154,"date":"2025-03-28T16:10:19","date_gmt":"2025-03-28T23:10:19","guid":{"rendered":"https:\/\/davidrosenmann-taub.com\/?page_id=6154"},"modified":"2025-03-28T16:10:19","modified_gmt":"2025-03-28T23:10:19","slug":"fuegos-naturales-3","status":"publish","type":"page","link":"https:\/\/davidrosenmann-taub.com\/fr\/music\/works\/fuegos-naturales-3\/","title":{"rendered":"Fuegos naturales 3"},"content":{"rendered":"<p class=\"half-centered\">\r\n  <strong>Titre:<\/strong> Fuegos naturales 3<br>\r\n  <strong>Instruments<\/strong>: 2, 3 et 4 pianos<br>\r\n  <strong>Date<\/strong>: 12\/12\/1997<br>\r\n  <strong>Temps Total<\/strong>: 68:42\r\n<\/p>\r\n<table class=\"tracks-table\">\r\n<thead>\r\n<tr>\r\n<td class=\"col-number\">Nombre<\/td>\r\n<td class=\"col-title\">Titre<\/td>\r\n<td class=\"col-length\">Temps<\/td>\r\n<\/tr>\r\n<\/thead>\r\n<tbody>\r\n<tr>\r\n<td class=\"col-section-name\" colspan=\"3\">VIII<\/td>\r\n<\/tr>\r\n<tr>\r\n<td class=\"col-number\">1<\/td>\r\n<td class=\"col-title\">1: Ep\u00edgrafe <\/td>\r\n<td class=\"col-length\">:17<\/td>\r\n<\/tr>\r\n<tr>\r\n<td class=\"col-number\">2<\/td>\r\n<td class=\"col-title\">2: (d\u00fao) <\/td>\r\n<td class=\"col-length\">8:22<\/td>\r\n<\/tr>\r\n<tr>\r\n<td class=\"col-number\">3<\/td>\r\n<td class=\"col-title\">3: (d\u00fao) <\/td>\r\n<td class=\"col-length\">2:56<\/td>\r\n<\/tr>\r\n<tr>\r\n<td class=\"col-number\">4<\/td>\r\n<td class=\"col-title\">4: (cuarteto) <\/td>\r\n<td class=\"col-length\">11:09<\/td>\r\n<\/tr>\r\n<tr>\r\n<td class=\"col-section-name\" colspan=\"3\">IX<\/td>\r\n<\/tr>\r\n<tr>\r\n<td class=\"col-number\">5<\/td>\r\n<td class=\"col-title\">1: Ep\u00edgrafe <\/td>\r\n<td class=\"col-length\">:16<\/td>\r\n<\/tr>\r\n<tr>\r\n<td class=\"col-number\">6<\/td>\r\n<td class=\"col-title\">2: (tr\u00edo) <\/td>\r\n<td class=\"col-length\">8:18<\/td>\r\n<\/tr>\r\n<tr>\r\n<td class=\"col-number\">7<\/td>\r\n<td class=\"col-title\">3: (tr\u00edo) <\/td>\r\n<td class=\"col-length\">2:51<\/td>\r\n<\/tr>\r\n<tr>\r\n<td class=\"col-number\">8<\/td>\r\n<td class=\"col-title\">4: (tr\u00edo) <\/td>\r\n<td class=\"col-length\">10:54<\/td>\r\n<\/tr>\r\n<tr>\r\n<td class=\"col-section-name\" colspan=\"3\">X<\/td>\r\n<\/tr>\r\n<tr>\r\n<td class=\"col-number\">9<\/td>\r\n<td class=\"col-title\">1: Ep\u00edgrafe <\/td>\r\n<td class=\"col-length\">:14<\/td>\r\n<\/tr>\r\n<tr>\r\n<td class=\"col-number\">10<\/td>\r\n<td class=\"col-title\">2: (tr\u00edo) <\/td>\r\n<td class=\"col-length\">8:22<\/td>\r\n<\/tr>\r\n<tr>\r\n<td class=\"col-number\">11<\/td>\r\n<td class=\"col-title\">3: (tr\u00edo) <\/td>\r\n<td class=\"col-length\">2:57<\/td>\r\n<\/tr>\r\n<tr>\r\n<td class=\"col-number\">12<\/td>\r\n<td class=\"col-title\">4: (tr\u00edo) <\/td>\r\n<td class=\"col-length\">11:00<\/td>\r\n<\/tr>\r\n\r\n<\/tbody>\r\n<\/table>","protected":false},"excerpt":{"rendered":"Titre: Fuegos naturales 3 Instruments: 2, 3 et 4 pianos Date: 12\/12\/1997 Temps Total: 68:42 Nombre Titre Temps VIII 1 1: Ep\u00edgrafe :17 2 2: (d\u00fao) 8:22 3 3: (d\u00fao) 2:56 4 4: (cuarteto) 11:09 IX 5 1: Ep\u00edgrafe :16 6 2: (tr\u00edo) 8:18 7 3: (tr\u00edo) 2:51 8 4: (tr\u00edo) 10:54 X 9 1: [&hellip;]","protected":false},"author":2,"featured_media":0,"parent":6091,"menu_order":11,"comment_status":"closed","ping_status":"closed","template":"","meta":{"nf_dc_page":"","_monsterinsights_skip_tracking":true,"_monsterinsights_sitenote_active":false,"_monsterinsights_sitenote_note":"","_monsterinsights_sitenote_category":0,"footnotes":""},"class_list":["post-6154","page","type-page","status-publish","hentry"],"aioseo_notices":[],"_links":{"self":[{"href":"https:\/\/davidrosenmann-taub.com\/fr\/wp-json\/wp\/v2\/pages\/6154","targetHints":{"allow":["GET"]}}],"collection":[{"href":"https:\/\/davidrosenmann-taub.com\/fr\/wp-json\/wp\/v2\/pages"}],"about":[{"href":"https:\/\/davidrosenmann-taub.com\/fr\/wp-json\/wp\/v2\/types\/page"}],"author":[{"embeddable":true,"href":"https:\/\/davidrosenmann-taub.com\/fr\/wp-json\/wp\/v2\/users\/2"}],"replies":[{"embeddable":true,"href":"https:\/\/davidrosenmann-taub.com\/fr\/wp-json\/wp\/v2\/comments?post=6154"}],"version-history":[{"count":1,"href":"https:\/\/davidrosenmann-taub.com\/fr\/wp-json\/wp\/v2\/pages\/6154\/revisions"}],"predecessor-version":[{"id":6156,"href":"https:\/\/davidrosenmann-taub.com\/fr\/wp-json\/wp\/v2\/pages\/6154\/revisions\/6156"}],"up":[{"embeddable":true,"href":"https:\/\/davidrosenmann-taub.com\/fr\/wp-json\/wp\/v2\/pages\/6091"}],"wp:attachment":[{"href":"https:\/\/davidrosenmann-taub.com\/fr\/wp-json\/wp\/v2\/media?parent=6154"}],"curies":[{"name":"wp","href":"https:\/\/api.w.org\/{rel}","templated":true}]}}