{"id":6166,"date":"2025-03-28T16:18:36","date_gmt":"2025-03-28T23:18:36","guid":{"rendered":"https:\/\/davidrosenmann-taub.com\/?page_id=6166"},"modified":"2025-03-28T16:18:36","modified_gmt":"2025-03-28T23:18:36","slug":"fuegos-naturales-5","status":"publish","type":"page","link":"https:\/\/davidrosenmann-taub.com\/fr\/music\/works\/fuegos-naturales-5\/","title":{"rendered":"Fuegos naturales 5"},"content":{"rendered":"<p class=\"half-centered\">\r\n  <strong>Titre:<\/strong> Fuegos naturales 5<br>\r\n  <strong>Date<\/strong>: 13\/12\/1997<br>\r\n  <strong>Temps Total<\/strong>: 72:40\r\n<\/p>\r\n\r\n<table class=\"tracks-table\">\r\n<thead>\r\n<tr>\r\n<td class=\"col-number\">Nombre<\/td>\r\n<td class=\"col-title\">Titre<\/td>\r\n<td class=\"col-length\">Temps<\/td>\r\n<\/tr>\r\n<\/thead>\r\n<tbody>\r\n<tr>\r\n<td class=\"col-section-name\" colspan=\"3\">XIV<\/td>\r\n<\/tr>\r\n<tr>\r\n<td class=\"col-number\">1<\/td>\r\n<td class=\"col-title\">Ep\u00edgrafe (Casi el anillo: I)<\/td>\r\n<td class=\"col-length\">0:12<\/td>\r\n<\/tr>\r\n<tr>\r\n<td class=\"col-number\">2<\/td>\r\n<td class=\"col-title\">Quinteto<\/td>\r\n<td class=\"col-length\">8:32<\/td>\r\n<\/tr>\r\n<tr>\r\n<td class=\"col-number\">3<\/td>\r\n<td class=\"col-title\">Quinteto<\/td>\r\n<td class=\"col-length\">3:13<\/td>\r\n<\/tr>\r\n<tr>\r\n<td class=\"col-number\">4<\/td>\r\n<td class=\"col-title\">Quarteto<\/td>\r\n<td class=\"col-length\">11:11<\/td>\r\n<\/tr>\r\n<tr>\r\n<td class=\"col-section-name\" colspan=\"3\">XV<\/td>\r\n<\/tr>\r\n<tr>\r\n<td class=\"col-number\">1<\/td>\r\n<td class=\"col-title\">Ep\u00edgrafe  (Casi el anillo: II)<\/td>\r\n<td class=\"col-length\">0:13<\/td>\r\n<\/tr>\r\n<tr>\r\n<td class=\"col-number\">2<\/td>\r\n<td class=\"col-title\">Quinteto<\/td>\r\n<td class=\"col-length\">8:29<\/td>\r\n<\/tr>\r\n<tr>\r\n<td class=\"col-number\">3<\/td>\r\n<td class=\"col-title\">Quinteto<\/td>\r\n<td class=\"col-length\">3:07<\/td>\r\n<\/tr>\r\n<tr>\r\n<td class=\"col-number\">4<\/td>\r\n<td class=\"col-title\">Quinteto<\/td>\r\n<td class=\"col-length\">11:05<\/td>\r\n<\/tr>\r\n<tr>\r\n<td class=\"col-section-name\" colspan=\"3\">XVI<\/td>\r\n<\/tr>\r\n<tr>\r\n<td class=\"col-number\">1<\/td>\r\n<td class=\"col-title\">Ep\u00edgrafe  (El anillo de la dicha)<\/td>\r\n<td class=\"col-length\">0:26<\/td>\r\n<\/tr>\r\n<tr>\r\n<td class=\"col-number\">2<\/td>\r\n<td class=\"col-title\">Sexteto<\/td>\r\n<td class=\"col-length\">8:30<\/td>\r\n<\/tr>\r\n<tr>\r\n<td class=\"col-number\">3<\/td>\r\n<td class=\"col-title\">Sexteto<\/td>\r\n<td class=\"col-length\">3:15<\/td>\r\n<\/tr>\r\n<tr>\r\n<td class=\"col-number\">4<\/td>\r\n<td class=\"col-title\">Sexteto<\/td>\r\n<td class=\"col-length\">11:17<\/td>\r\n<\/tr>\r\n<\/tbody>\r\n<\/table>\r\n","protected":false},"excerpt":{"rendered":"Titre: Fuegos naturales 5 Date: 13\/12\/1997 Temps Total: 72:40 Nombre Titre Temps XIV 1 Ep\u00edgrafe (Casi el anillo: I) 0:12 2 Quinteto 8:32 3 Quinteto 3:13 4 Quarteto 11:11 XV 1 Ep\u00edgrafe (Casi el anillo: II) 0:13 2 Quinteto 8:29 3 Quinteto 3:07 4 Quinteto 11:05 XVI 1 Ep\u00edgrafe (El anillo de la dicha) 0:26 [&hellip;]","protected":false},"author":2,"featured_media":0,"parent":6091,"menu_order":13,"comment_status":"closed","ping_status":"closed","template":"","meta":{"nf_dc_page":"","_monsterinsights_skip_tracking":true,"_monsterinsights_sitenote_active":false,"_monsterinsights_sitenote_note":"","_monsterinsights_sitenote_category":0,"footnotes":""},"class_list":["post-6166","page","type-page","status-publish","hentry"],"aioseo_notices":[],"_links":{"self":[{"href":"https:\/\/davidrosenmann-taub.com\/fr\/wp-json\/wp\/v2\/pages\/6166","targetHints":{"allow":["GET"]}}],"collection":[{"href":"https:\/\/davidrosenmann-taub.com\/fr\/wp-json\/wp\/v2\/pages"}],"about":[{"href":"https:\/\/davidrosenmann-taub.com\/fr\/wp-json\/wp\/v2\/types\/page"}],"author":[{"embeddable":true,"href":"https:\/\/davidrosenmann-taub.com\/fr\/wp-json\/wp\/v2\/users\/2"}],"replies":[{"embeddable":true,"href":"https:\/\/davidrosenmann-taub.com\/fr\/wp-json\/wp\/v2\/comments?post=6166"}],"version-history":[{"count":1,"href":"https:\/\/davidrosenmann-taub.com\/fr\/wp-json\/wp\/v2\/pages\/6166\/revisions"}],"predecessor-version":[{"id":6168,"href":"https:\/\/davidrosenmann-taub.com\/fr\/wp-json\/wp\/v2\/pages\/6166\/revisions\/6168"}],"up":[{"embeddable":true,"href":"https:\/\/davidrosenmann-taub.com\/fr\/wp-json\/wp\/v2\/pages\/6091"}],"wp:attachment":[{"href":"https:\/\/davidrosenmann-taub.com\/fr\/wp-json\/wp\/v2\/media?parent=6166"}],"curies":[{"name":"wp","href":"https:\/\/api.w.org\/{rel}","templated":true}]}}