{"id":6172,"date":"2025-03-28T16:24:29","date_gmt":"2025-03-28T23:24:29","guid":{"rendered":"https:\/\/davidrosenmann-taub.com\/?page_id=6172"},"modified":"2025-03-28T16:24:29","modified_gmt":"2025-03-28T23:24:29","slug":"sonatinas-de-amistad-1-2","status":"publish","type":"page","link":"https:\/\/davidrosenmann-taub.com\/fr\/music\/works\/sonatinas-de-amistad-1-2\/","title":{"rendered":"Sonatinas de amistad No. 1 et No. 2"},"content":{"rendered":"<p class=\"half-centered\">\r\n  <strong>Titre:<\/strong> Sonatinas de amistad No. 1 et No. 2<br>\r\n  <strong>Instruments<\/strong>: 2 pianos<br>\r\n  <strong>Date<\/strong>: 17\/5\/1997<br>\r\n  <strong>Temps Total<\/strong>: 66:30\r\n<\/p>\r\n<table class=\"tracks-table\">\r\n<thead>\r\n<tr>\r\n<td class=\"col-number\">Nombre<\/td>\r\n<td class=\"col-title\">Titre<\/td>\r\n<td class=\"col-length\">Temps<\/td>\r\n<\/tr>\r\n<\/thead>\r\n<tbody>\r\n<tr>\r\n<td class=\"col-section-name\" colspan=\"3\">No. 1<\/td>\r\n<\/tr>\r\n<tr>\r\n<td class=\"col-number\">1<\/td>\r\n<td class=\"col-title\">Entre s\u00e1banas <\/td>\r\n<td class=\"col-length\">12:22<\/td>\r\n<\/tr>\r\n<tr>\r\n<td class=\"col-number\">2<\/td>\r\n<td class=\"col-title\">Reproches <\/td>\r\n<td class=\"col-length\">6:00<\/td>\r\n<\/tr>\r\n<tr>\r\n<td class=\"col-number\">3<\/td>\r\n<td class=\"col-title\">A\u00f1os m\u00e1s tarde <\/td>\r\n<td class=\"col-length\">10:15<\/td>\r\n<\/tr>\r\n<tr>\r\n<td class=\"col-number\">4<\/td>\r\n<td class=\"col-title\">Junto al cipr\u00e9s <audio src=\"\/sound\/Junto.mp3\" preload=\"none\" title=\"Junto al Cipr&eacute;s\" \/><\/td>\r\n<td class=\"col-length\">4:03<\/td>\r\n<\/tr>\r\n<tr>\r\n<td class=\"col-section-name\" colspan=\"3\">No. 2<\/td>\r\n<\/tr>\r\n<tr>\r\n<td class=\"col-number\">5<\/td>\r\n<td class=\"col-title\">Entre s\u00e1banas <\/td>\r\n<td class=\"col-length\">12:34<\/td>\r\n<\/tr>\r\n<tr>\r\n<td class=\"col-number\">6<\/td>\r\n<td class=\"col-title\">Reproches <\/td>\r\n<td class=\"col-length\">6:00<\/td>\r\n<\/tr>\r\n<tr>\r\n<td class=\"col-number\">7<\/td>\r\n<td class=\"col-title\">A\u00f1os m\u00e1s tarde <\/td>\r\n<td class=\"col-length\">10:32<\/td>\r\n<\/tr>\r\n<tr>\r\n<td class=\"col-number\">8<\/td>\r\n<td class=\"col-title\">Junto al cipr\u00e9s <\/td>\r\n<td class=\"col-length\">4:07<\/td>\r\n<\/tr>\r\n\r\n<\/tbody>\r\n<\/table>\r\n","protected":false},"excerpt":{"rendered":"Titre: Sonatinas de amistad No. 1 et No. 2 Instruments: 2 pianos Date: 17\/5\/1997 Temps Total: 66:30 Nombre Titre Temps No. 1 1 Entre s\u00e1banas 12:22 2 Reproches 6:00 3 A\u00f1os m\u00e1s tarde 10:15 4 Junto al cipr\u00e9s 4:03 No. 2 5 Entre s\u00e1banas 12:34 6 Reproches 6:00 7 A\u00f1os m\u00e1s tarde 10:32 8 Junto [&hellip;]","protected":false},"author":2,"featured_media":0,"parent":6091,"menu_order":14,"comment_status":"closed","ping_status":"closed","template":"","meta":{"nf_dc_page":"","_monsterinsights_skip_tracking":true,"_monsterinsights_sitenote_active":false,"_monsterinsights_sitenote_note":"","_monsterinsights_sitenote_category":0,"footnotes":""},"class_list":["post-6172","page","type-page","status-publish","hentry"],"aioseo_notices":[],"_links":{"self":[{"href":"https:\/\/davidrosenmann-taub.com\/fr\/wp-json\/wp\/v2\/pages\/6172","targetHints":{"allow":["GET"]}}],"collection":[{"href":"https:\/\/davidrosenmann-taub.com\/fr\/wp-json\/wp\/v2\/pages"}],"about":[{"href":"https:\/\/davidrosenmann-taub.com\/fr\/wp-json\/wp\/v2\/types\/page"}],"author":[{"embeddable":true,"href":"https:\/\/davidrosenmann-taub.com\/fr\/wp-json\/wp\/v2\/users\/2"}],"replies":[{"embeddable":true,"href":"https:\/\/davidrosenmann-taub.com\/fr\/wp-json\/wp\/v2\/comments?post=6172"}],"version-history":[{"count":1,"href":"https:\/\/davidrosenmann-taub.com\/fr\/wp-json\/wp\/v2\/pages\/6172\/revisions"}],"predecessor-version":[{"id":6174,"href":"https:\/\/davidrosenmann-taub.com\/fr\/wp-json\/wp\/v2\/pages\/6172\/revisions\/6174"}],"up":[{"embeddable":true,"href":"https:\/\/davidrosenmann-taub.com\/fr\/wp-json\/wp\/v2\/pages\/6091"}],"wp:attachment":[{"href":"https:\/\/davidrosenmann-taub.com\/fr\/wp-json\/wp\/v2\/media?parent=6172"}],"curies":[{"name":"wp","href":"https:\/\/api.w.org\/{rel}","templated":true}]}}