{"id":6184,"date":"2025-03-28T16:32:48","date_gmt":"2025-03-28T23:32:48","guid":{"rendered":"https:\/\/davidrosenmann-taub.com\/?page_id=6184"},"modified":"2025-03-28T16:32:48","modified_gmt":"2025-03-28T23:32:48","slug":"sonatinas-de-amistad-3-4","status":"publish","type":"page","link":"https:\/\/davidrosenmann-taub.com\/fr\/music\/works\/sonatinas-de-amistad-3-4\/","title":{"rendered":"Sonatinas de amistad No.3 et No.4"},"content":{"rendered":"<p class=\"half-centered\">\r\n  <strong>Titre:<\/strong> Sonatinas de amistad No. 3 et No. 4<br>\r\n  <strong>Instruments<\/strong>: 2 pianos<br>\r\n  <strong>Date<\/strong>: 5\/4\/1997<br>\r\n  <strong>Temps Total<\/strong>: 66:22\r\n<\/p>\r\n<table class=\"tracks-table\">\r\n<thead>\r\n<tr>\r\n<td class=\"col-number\">Nombre<\/td>\r\n<td class=\"col-title\">Titre<\/td>\r\n<td class=\"col-length\">Temps<\/td>\r\n<\/tr>\r\n<\/thead>\r\n<tbody>\r\n<tr>\r\n<td class=\"col-section-name\" colspan=\"3\">No. 3<\/td>\r\n<\/tr>\r\n<tr>\r\n<td class=\"col-number\">1<\/td>\r\n<td class=\"col-title\">Entre s\u00e1banas <\/td>\r\n<td class=\"col-length\">12:14<\/td>\r\n<\/tr>\r\n<tr>\r\n<td class=\"col-number\">2<\/td>\r\n<td class=\"col-title\">Reproches <\/td>\r\n<td class=\"col-length\">6:04<\/td>\r\n<\/tr>\r\n<tr>\r\n<td class=\"col-number\">3<\/td>\r\n<td class=\"col-title\">A\u00f1os m\u00e1s tarde <\/td>\r\n<td class=\"col-length\">10:18<\/td>\r\n<\/tr>\r\n<tr>\r\n<td class=\"col-number\">4<\/td>\r\n<td class=\"col-title\">Junto al cipr\u00e9s <\/td>\r\n<td class=\"col-length\">4:04<\/td>\r\n<\/tr>\r\n<tr>\r\n<td class=\"col-section-name\" colspan=\"3\">No. 4<\/td>\r\n<\/tr>\r\n<tr>\r\n<td class=\"col-number\">5<\/td>\r\n<td class=\"col-title\">Entre s\u00e1banas <\/td>\r\n<td class=\"col-length\">12:30<\/td>\r\n<\/tr>\r\n<tr>\r\n<td class=\"col-number\">6<\/td>\r\n<td class=\"col-title\">Reproches <\/td>\r\n<td class=\"col-length\">6:06<\/td>\r\n<\/tr>\r\n<tr>\r\n<td class=\"col-number\">7<\/td>\r\n<td class=\"col-title\">A\u00f1os m\u00e1s tarde <\/td>\r\n<td class=\"col-length\">10:31<\/td>\r\n<\/tr>\r\n<tr>\r\n<td class=\"col-number\">8<\/td>\r\n<td class=\"col-title\">Junto al cipr\u00e9s <\/td>\r\n<td class=\"col-length\">4:11<\/td>\r\n<\/tr>\r\n\r\n<\/tbody>\r\n<\/table>\r\n","protected":false},"excerpt":{"rendered":"Titre: Sonatinas de amistad No. 3 et No. 4 Instruments: 2 pianos Date: 5\/4\/1997 Temps Total: 66:22 Nombre Titre Temps No. 3 1 Entre s\u00e1banas 12:14 2 Reproches 6:04 3 A\u00f1os m\u00e1s tarde 10:18 4 Junto al cipr\u00e9s 4:04 No. 4 5 Entre s\u00e1banas 12:30 6 Reproches 6:06 7 A\u00f1os m\u00e1s tarde 10:31 8 Junto [&hellip;]","protected":false},"author":2,"featured_media":0,"parent":6091,"menu_order":15,"comment_status":"closed","ping_status":"closed","template":"","meta":{"nf_dc_page":"","_monsterinsights_skip_tracking":true,"_monsterinsights_sitenote_active":false,"_monsterinsights_sitenote_note":"","_monsterinsights_sitenote_category":0,"footnotes":""},"class_list":["post-6184","page","type-page","status-publish","hentry"],"aioseo_notices":[],"_links":{"self":[{"href":"https:\/\/davidrosenmann-taub.com\/fr\/wp-json\/wp\/v2\/pages\/6184","targetHints":{"allow":["GET"]}}],"collection":[{"href":"https:\/\/davidrosenmann-taub.com\/fr\/wp-json\/wp\/v2\/pages"}],"about":[{"href":"https:\/\/davidrosenmann-taub.com\/fr\/wp-json\/wp\/v2\/types\/page"}],"author":[{"embeddable":true,"href":"https:\/\/davidrosenmann-taub.com\/fr\/wp-json\/wp\/v2\/users\/2"}],"replies":[{"embeddable":true,"href":"https:\/\/davidrosenmann-taub.com\/fr\/wp-json\/wp\/v2\/comments?post=6184"}],"version-history":[{"count":2,"href":"https:\/\/davidrosenmann-taub.com\/fr\/wp-json\/wp\/v2\/pages\/6184\/revisions"}],"predecessor-version":[{"id":6187,"href":"https:\/\/davidrosenmann-taub.com\/fr\/wp-json\/wp\/v2\/pages\/6184\/revisions\/6187"}],"up":[{"embeddable":true,"href":"https:\/\/davidrosenmann-taub.com\/fr\/wp-json\/wp\/v2\/pages\/6091"}],"wp:attachment":[{"href":"https:\/\/davidrosenmann-taub.com\/fr\/wp-json\/wp\/v2\/media?parent=6184"}],"curies":[{"name":"wp","href":"https:\/\/api.w.org\/{rel}","templated":true}]}}