{"id":6480,"date":"2025-08-22T17:18:45","date_gmt":"2025-08-23T00:18:45","guid":{"rendered":"https:\/\/davidrosenmann-taub.com\/?page_id=6480"},"modified":"2025-10-03T15:25:01","modified_gmt":"2025-10-03T22:25:01","slug":"interpretations","status":"publish","type":"page","link":"https:\/\/davidrosenmann-taub.com\/fr\/interpretations\/","title":{"rendered":"Interpr\u00e9tations"},"content":{"rendered":"<h2>Videos &bull; Interpr\u00e9tations par d'autres artistes<\/h2>\r\n<div class=\"works-list\">\r\n<table>\r\n<tr><td><img decoding=\"async\" src=\"\/images\/m23\/Videos-Reflejos.png\" class=\"select-video\" data-video=\"Reflejos\" alt=\"Reflejos Elementales (Elemental Reflections)\" \/><\/td><td><\/td>\r\n<td><p><strong><em>Reflejos Elementales<\/em><\/strong>: Film du cin&eacute;aste chilien Alexis Moreno, d'apr&egrave;s la musique, la po&eacute;sie et les dessins de David Rosenmann-Taub.<\/p><\/td>\r\n<\/tr>\r\n<tr><td><img decoding=\"async\" src=\"\/images\/m23\/Videos-Apresto.png\" class=\"select-video\" data-video=\"Apresto\" alt=\"Apresto (Exordium)\" \/><\/td><td><\/td>\r\n<td><p><strong><em>Apresto par Alexis Moreno<\/em><\/strong>: Film Apresto bas&eacute; sur le po&egrave;me \"Apresto\" (\"Exorde\") et la musique de David Rosenmann-Taub.<\/p><\/td>\r\n<\/tr>\r\n<tr><td><img decoding=\"async\" src=\"\/images\/m23\/SS-Aguacibera.jpg\" class=\"select-video\" data-video=\"Aguacibera \" alt=\"Aguacibera \" \/><\/td><td><\/td>\r\n<td><p><strong>Aguacibera par Esther Crisol<\/strong>: <p>La chanteuse de flamenco Esther Crisol a mis en musique un choix de po&egrave;mes de David Rosenmann-Taub dans son disque, <em>Aguacibera,<\/em> qu&rsquo;elle a pr&eacute;sent&eacute; au festival de M&uacute;sica en la Zubia, &agrave; Grenade en 2012.<\/p><\/td>\r\n<\/tr>\r\n<tr><td><img decoding=\"async\" src=\"\/images\/m23\/Tell-Me.jpg\" class=\"select-video\" data-video=\"TellMe\" alt=\"Tell me. David Rosenmann-Taub, what is poetry?\" \/><\/td><td><\/td>\r\n<td><p><strong>Dites-moi David Rosenmann-Taub, qu'est-ce que la po&eacute;sie?<\/strong>: Spectacle multim&eacute;dia ayant pour sujet la po&eacute;sie, la musique et les dessins de David Rosenmann-Taub, dirig&eacute; et interpret&eacute; par H&eacute;ctor Noguera (Teatro Camino, Santiago de Chile, 2007). R&eacute;alisation et montage: Alexis Moreno Burgos.<\/p><\/td>\r\n<\/tr>\r\n<tr><td><img decoding=\"async\" src=\"\/images\/m23\/ABISMO.jpg\" class=\"select-video\" data-video=\"ABISMO\" alt=\"ABISMO\" \/><\/td><td><\/td>\r\n<td><p><strong>ABISMO<\/strong>: Dans cette pi&egrave;ce de th&eacute;&acirc;tre  compos&eacute;e de po&egrave;mes de David Rosenmann-Taub, le metteur en sc&egrave;ne chilien  Alejandro Castillo cr&eacute;e un paysage r&ecirc;v&eacute; o&ugrave; les souvenirs et les &eacute;vocations se  m&ecirc;lent chez un enfant, un jeune couple et un homme &acirc;g&eacute;. Ces po&egrave;mes explorent l&rsquo;amour,  le destin, la vie, la mort &mdash; le sens et le non-sens d&rsquo;exister.<\/p>\r\n<p>La majorit&eacute; du texte provient de la t&eacute;tralogie <em>Cortejo y Epinicio<\/em> (Cort&egrave;ge et &Eacute;pinicie) qui regroupe quatre volumes: <em>El Z&oacute;calo<\/em> (Le Socle)), <em>El Mensajero<\/em> (Le Messager), <em>La Opci&oacute;n<\/em> (Le Choix) et <em>La Noche Antes <\/em>(La Nuit d&rsquo;avant). Un  monologue de la pi&egrave;ce, est extrait d&rsquo;un autre recueil du po&egrave;te, <em>Los Surcos Inundados<\/em>. Toutes ces &oelig;uvres ont &eacute;t&eacute; publi&eacute;es par LOM Ediciones, Chile.)<\/p>\r\n<\/td>\r\n<\/tr>\r\n<tr><td><img decoding=\"async\" src=\"\/images\/m23\/Mensaje-Duo-KM.jpg\" class=\"select-video\" data-video=\"Mensaje\" alt=\"Mensaje a Pedro Humberto Allende\" \/><\/td><td><\/td>\r\n<td><p><strong><em>Mensaje a Pedro Humberto Allende<\/em><\/strong>,  compos\u00e9 par David Rosenmann-Taub, transcrit pour deux guitares par le D\u00fao de Guitarres KM, Katrin Klingeberg et Sebasti\u00e1n Montes.<\/p><\/td>\r\n<\/tr>\r\n<tr><td><img decoding=\"async\" src=\"\/images\/m23\/HIMNO-Duo-KM.jpg\" class=\"select-video\" data-video=\"Himno\" alt=\"Himno\" \/><\/td><td><\/td>\r\n<td><p><strong><em>Himno<\/em><\/strong>, po\u00e8me de David Rosenmann-Taub interpret\u00e9 par le D\u00fao KM. Musique compos\u00e9e par Katrin Klingberg.<\/p><\/td>\r\n<\/tr>\r\n<\/table>\r\n<\/div>","protected":false},"excerpt":{"rendered":"Videos &bull; Interpr\u00e9tations par d&#8217;autres artistes Reflejos Elementales: Film du cin&eacute;aste chilien Alexis Moreno, d&#8217;apr&egrave;s la musique, la po&eacute;sie et les dessins de David Rosenmann-Taub. Apresto par Alexis Moreno: Film Apresto bas&eacute; sur le po&egrave;me &#8220;Apresto&#8221; (&#8220;Exorde&#8221;) et la musique de David Rosenmann-Taub. Aguacibera par Esther Crisol: La chanteuse de flamenco Esther Crisol a mis [&hellip;]","protected":false},"author":2,"featured_media":0,"parent":0,"menu_order":29,"comment_status":"closed","ping_status":"closed","template":"","meta":{"nf_dc_page":"","_monsterinsights_skip_tracking":false,"_monsterinsights_sitenote_active":false,"_monsterinsights_sitenote_note":"","_monsterinsights_sitenote_category":0,"footnotes":""},"class_list":["post-6480","page","type-page","status-publish","hentry"],"aioseo_notices":[],"_links":{"self":[{"href":"https:\/\/davidrosenmann-taub.com\/fr\/wp-json\/wp\/v2\/pages\/6480","targetHints":{"allow":["GET"]}}],"collection":[{"href":"https:\/\/davidrosenmann-taub.com\/fr\/wp-json\/wp\/v2\/pages"}],"about":[{"href":"https:\/\/davidrosenmann-taub.com\/fr\/wp-json\/wp\/v2\/types\/page"}],"author":[{"embeddable":true,"href":"https:\/\/davidrosenmann-taub.com\/fr\/wp-json\/wp\/v2\/users\/2"}],"replies":[{"embeddable":true,"href":"https:\/\/davidrosenmann-taub.com\/fr\/wp-json\/wp\/v2\/comments?post=6480"}],"version-history":[{"count":4,"href":"https:\/\/davidrosenmann-taub.com\/fr\/wp-json\/wp\/v2\/pages\/6480\/revisions"}],"predecessor-version":[{"id":6488,"href":"https:\/\/davidrosenmann-taub.com\/fr\/wp-json\/wp\/v2\/pages\/6480\/revisions\/6488"}],"wp:attachment":[{"href":"https:\/\/davidrosenmann-taub.com\/fr\/wp-json\/wp\/v2\/media?parent=6480"}],"curies":[{"name":"wp","href":"https:\/\/api.w.org\/{rel}","templated":true}]}}